{"id":279437,"date":"2026-04-03T12:26:00","date_gmt":"2026-04-03T12:26:00","guid":{"rendered":"https:\/\/iguality.org\/?page_id=279437"},"modified":"2026-04-15T13:22:12","modified_gmt":"2026-04-15T13:22:12","slug":"services-pour-les-ong","status":"publish","type":"page","link":"https:\/\/iguality.org\/fr\/services\/services-for-ngos\/","title":{"rendered":"Services pour les ONG"},"content":{"rendered":"<p>[et_pb_section fb_built=&#8221;1&#8243; admin_label=&#8221;Section&#8221; module_id=&#8221;next&#8221; _builder_version=&#8221;4.27.4&#8243; _module_preset=&#8221;default&#8221; background_enable_color=&#8221;off&#8221; top_divider_height=&#8221;20px&#8221; locked=&#8221;off&#8221; global_colors_info=&#8221;{}&#8221;][et_pb_row make_equal=&#8221;on&#8221; _builder_version=&#8221;4.27.0&#8243; _module_preset=&#8221;default&#8221; custom_padding=&#8221;19px||27px|||&#8221; custom_css_main_element=&#8221;align-items: center;&#8221; locked=&#8221;off&#8221; global_colors_info=&#8221;{}&#8221;][et_pb_column type=&#8221;4_4&#8243; _builder_version=&#8221;4.27.0&#8243; _module_preset=&#8221;default&#8221; global_colors_info=&#8221;{}&#8221;][et_pb_text _builder_version=&#8221;4.27.4&#8243; _module_preset=&#8221;default&#8221; header_2_text_align=&#8221;center&#8221; text_orientation=&#8221;center&#8221; width_tablet=&#8221;auto&#8221; width_phone=&#8221;auto&#8221; width_last_edited=&#8221;on|phone&#8221; module_alignment=&#8221;left&#8221; custom_margin=&#8221;||4px||false|false&#8221; global_colors_info=&#8221;{}&#8221;]<\/p>\n<h6>Delivery methods<\/h6>\n<h2>3 ways Iguality can support your NGO<\/h2>\n<p>[\/et_pb_text][\/et_pb_column][\/et_pb_row][et_pb_row column_structure=&#8221;1_3,1_3,1_3&#8243; use_custom_gutter=&#8221;on&#8221; gutter_width=&#8221;2&#8243; _builder_version=&#8221;4.27.6&#8243; _module_preset=&#8221;default&#8221; custom_padding=&#8221;15px||20px|||&#8221; custom_css_main_element=&#8221;align-items: center;&#8221; locked=&#8221;off&#8221; global_colors_info=&#8221;{}&#8221;][et_pb_column type=&#8221;1_3&#8243; _builder_version=&#8221;4.27.0&#8243; _module_preset=&#8221;default&#8221; global_colors_info=&#8221;{}&#8221;][et_pb_blurb title=&#8221;Erasmus+ Consortium Leadership&#8221; use_icon=&#8221;on&#8221; font_icon=&#8221;&#xe052;||divi||400&#8243; icon_color=&#8221;#1649FF&#8221; icon_placement=&#8221;left&#8221; image_icon_width=&#8221;27px&#8221; content_max_width=&#8221;95%&#8221; _builder_version=&#8221;4.27.6&#8243; _module_preset=&#8221;default&#8221; header_font=&#8221;|800||on|||||&#8221; header_font_size=&#8221;19px&#8221; header_line_height=&#8221;1em&#8221; custom_margin=&#8221;||25px||false|false&#8221; custom_padding=&#8221;||||false|false&#8221; global_colors_info=&#8221;{}&#8221;]<\/p>\n<p>Iguality leads and co-designs Erasmus+ projects \u2014 handling application writing, consortium coordination, and project management, whether as project lead or as partner and consortium writer.<\/p>\n<p>[\/et_pb_blurb][\/et_pb_column][et_pb_column type=&#8221;1_3&#8243; _builder_version=&#8221;4.27.0&#8243; _module_preset=&#8221;default&#8221; global_colors_info=&#8221;{}&#8221;][et_pb_blurb title=&#8221;Digital &#038; Operational Consultancy&#8221; use_icon=&#8221;on&#8221; font_icon=&#8221;&#xe052;||divi||400&#8243; icon_color=&#8221;#1649FF&#8221; icon_placement=&#8221;left&#8221; image_icon_width=&#8221;27px&#8221; content_max_width=&#8221;95%&#8221; _builder_version=&#8221;4.27.6&#8243; _module_preset=&#8221;default&#8221; header_font=&#8221;|800||on|||||&#8221; header_font_size=&#8221;19px&#8221; header_line_height=&#8221;1em&#8221; custom_margin=&#8221;||25px||false|false&#8221; custom_padding=&#8221;||||false|false&#8221; global_colors_info=&#8221;{}&#8221;]<\/p>\n<p>We help NGOs work smarter \u2014 improving digital tools, automating workflows, structuring teams, and strengthening operational foundations. Practical advice from people who&#8217;ve built and run an NGO themselves.<\/p>\n<p>[\/et_pb_blurb][\/et_pb_column][et_pb_column type=&#8221;1_3&#8243; _builder_version=&#8221;4.27.0&#8243; _module_preset=&#8221;default&#8221; global_colors_info=&#8221;{}&#8221;][et_pb_blurb title=&#8221;Wellbeing Sessions&#8221; use_icon=&#8221;on&#8221; font_icon=&#8221;&#xe052;||divi||400&#8243; icon_color=&#8221;#1649FF&#8221; icon_placement=&#8221;left&#8221; image_icon_width=&#8221;27px&#8221; content_max_width=&#8221;95%&#8221; _builder_version=&#8221;4.27.6&#8243; _module_preset=&#8221;default&#8221; header_font=&#8221;|800||on|||||&#8221; header_font_size=&#8221;19px&#8221; header_line_height=&#8221;1em&#8221; custom_margin=&#8221;||25px||false|false&#8221; custom_padding=&#8221;||||false|false&#8221; global_colors_info=&#8221;{}&#8221;]<\/p>\n<p><strong><\/strong>Regular wellbeing sessions designed for nonprofit teams \u2014 yoga, mindfulness, art therapy, breathwork. Combat burnout and build collective resilience with flexible programming that fits NGO schedules and budgets.<\/p>\n<p>[\/et_pb_blurb][\/et_pb_column][\/et_pb_row][et_pb_row make_equal=&#8221;on&#8221; _builder_version=&#8221;4.27.0&#8243; _module_preset=&#8221;default&#8221; custom_padding=&#8221;8px||5px|||&#8221; custom_css_main_element=&#8221;align-items: center;&#8221; locked=&#8221;off&#8221; global_colors_info=&#8221;{}&#8221;][et_pb_column type=&#8221;4_4&#8243; _builder_version=&#8221;4.27.0&#8243; _module_preset=&#8221;default&#8221; global_colors_info=&#8221;{}&#8221;][et_pb_button button_url=&#8221;#getstarted&#8221; button_text=&#8221;Get started&#8221; button_alignment=&#8221;center&#8221; _builder_version=&#8221;4.27.6&#8243; _module_preset=&#8221;default&#8221; locked=&#8221;off&#8221; global_colors_info=&#8221;{}&#8221;][\/et_pb_button][\/et_pb_column][\/et_pb_row][\/et_pb_section][et_pb_section fb_built=&#8221;1&#8243; prev_background_color=&#8221;#ffffff&#8221; next_background_color=&#8221;#ffffff&#8221; module_id=&#8221;solutions&#8221; _builder_version=&#8221;4.27.4&#8243; _module_preset=&#8221;default&#8221; background_color=&#8221;RGBA(22,73,255,0.04)&#8221; custom_padding=&#8221;75px||75px||true|false&#8221; top_divider_style=&#8221;wave2&#8243; top_divider_height=&#8221;75px&#8221; bottom_divider_style=&#8221;wave2&#8243; bottom_divider_height=&#8221;75px&#8221; global_colors_info=&#8221;%91%93&#8243;][et_pb_row make_equal=&#8221;on&#8221; _builder_version=&#8221;4.27.4&#8243; _module_preset=&#8221;default&#8221; custom_padding=&#8221;||7px|||&#8221; custom_css_main_element=&#8221;align-items: center;&#8221; global_colors_info=&#8221;%91%93&#8243;][et_pb_column type=&#8221;4_4&#8243; _builder_version=&#8221;4.27.4&#8243; _module_preset=&#8221;default&#8221; global_colors_info=&#8221;{}&#8221;][et_pb_text _builder_version=&#8221;4.27.4&#8243; _module_preset=&#8221;default&#8221; custom_margin=&#8221;||5px|||&#8221; global_colors_info=&#8221;{}&#8221;]<\/p>\n<h6>Impactful consultancy<\/h6>\n<h2>Our NGO services<\/h2>\n<p>[\/et_pb_text][\/et_pb_column][\/et_pb_row][et_pb_row column_structure=&#8221;1_3,1_3,1_3&#8243; use_custom_gutter=&#8221;on&#8221; gutter_width=&#8221;2&#8243; _builder_version=&#8221;4.27.6&#8243; _module_preset=&#8221;default&#8221; custom_padding=&#8221;5px|||||&#8221; custom_css_main_element=&#8221;align-items: center;&#8221; global_colors_info=&#8221;%91%93&#8243;][et_pb_column type=&#8221;1_3&#8243; _builder_version=&#8221;4.27.4&#8243; _module_preset=&#8221;default&#8221; global_colors_info=&#8221;{}&#8221;][et_pb_cta title=&#8221;Digital Tools Audit &#038; Migration&#8221; _builder_version=&#8221;4.27.6&#8243; _module_preset=&#8221;default&#8221; header_font=&#8221;|700||on|||||&#8221; background_enable_color=&#8221;off&#8221; use_background_color_gradient=&#8221;on&#8221; background_color_gradient_stops=&#8221;rgba(0,35,162,0.3) 1%|rgba(0,35,162,0.76) 100%&#8221; background_color_gradient_overlays_image=&#8221;on&#8221; background_image=&#8221;https:\/\/iguality.org\/wp-content\/uploads\/2026\/04\/3.jpg&#8221; min_height=&#8221;270px&#8221; custom_margin=&#8221;||0px||false|false&#8221; custom_padding=&#8221;110px||50px||false|false&#8221; header_text_shadow_style=&#8221;preset1&#8243; border_radii=&#8221;off|20px|20px||&#8221; global_colors_info=&#8221;{}&#8221;][\/et_pb_cta][et_pb_toggle title=&#8221;Description&#8221; closed_toggle_background_color=&#8221;#FFFFFF&#8221; icon_color=&#8221;#1649FF&#8221; _builder_version=&#8221;4.27.6&#8243; _module_preset=&#8221;default&#8221; title_text_color=&#8221;#242424&#8243; title_font=&#8221;|700||on|||||&#8221; custom_margin=&#8221;||0px||false|false&#8221; border_width_top=&#8221;0px&#8221; global_colors_info=&#8221;{}&#8221;]<\/p>\n<p>We review your current tech stack and help you move to tools that are more efficient, cost-effective, and where possible, European-hosted and privacy-compliant \u2014 from office suites and file storage to e-signatures and donor management.<\/p>\n<p>[\/et_pb_toggle][et_pb_toggle title=&#8221;What this includes&#8221; closed_toggle_background_color=&#8221;#FFFFFF&#8221; icon_color=&#8221;#1649FF&#8221; _builder_version=&#8221;4.27.6&#8243; _module_preset=&#8221;default&#8221; title_text_color=&#8221;#242424&#8243; title_font=&#8221;|700||on|||||&#8221; border_radii=&#8221;off|||20px|20px&#8221; border_width_top=&#8221;0px&#8221; global_colors_info=&#8221;{}&#8221;]<\/p>\n<ul>\n<li>Audit of your current tools, costs, and pain points<\/li>\n<li>Recommendations and migration plan tailored to your organisation&#8217;s size and budget<\/li>\n<li>Support during the transition to new platforms<\/li>\n<\/ul>\n<p>[\/et_pb_toggle][\/et_pb_column][et_pb_column type=&#8221;1_3&#8243; _builder_version=&#8221;4.27.4&#8243; _module_preset=&#8221;default&#8221; global_colors_info=&#8221;{}&#8221;][et_pb_cta title=&#8221;Workflow Automation&#8221; _builder_version=&#8221;4.27.6&#8243; _module_preset=&#8221;default&#8221; header_font=&#8221;|700||on|||||&#8221; background_enable_color=&#8221;off&#8221; use_background_color_gradient=&#8221;on&#8221; background_color_gradient_stops=&#8221;rgba(0,35,162,0.3) 1%|rgba(0,35,162,0.76) 100%&#8221; background_color_gradient_overlays_image=&#8221;on&#8221; background_image=&#8221;https:\/\/iguality.org\/wp-content\/uploads\/2026\/04\/5.jpg&#8221; min_height=&#8221;270px&#8221; custom_margin=&#8221;||0px||false|false&#8221; custom_padding=&#8221;110px||50px||false|false&#8221; header_text_shadow_style=&#8221;preset1&#8243; border_radii=&#8221;off|20px|20px||&#8221; global_colors_info=&#8221;{}&#8221;][\/et_pb_cta][et_pb_toggle title=&#8221;Description&#8221; closed_toggle_background_color=&#8221;#FFFFFF&#8221; icon_color=&#8221;#1649FF&#8221; _builder_version=&#8221;4.27.6&#8243; _module_preset=&#8221;default&#8221; title_text_color=&#8221;#242424&#8243; title_font=&#8221;|700||on|||||&#8221; custom_margin=&#8221;||0px||false|false&#8221; border_width_top=&#8221;0px&#8221; global_colors_info=&#8221;{}&#8221;]<\/p>\n<p>We map your repetitive administrative processes and implement automations that save your team hours every week \u2014 from onboarding flows and form handling to data sync between platforms.<\/p>\n<p>[\/et_pb_toggle][et_pb_toggle title=&#8221;What this includes&#8221; closed_toggle_background_color=&#8221;#FFFFFF&#8221; icon_color=&#8221;#1649FF&#8221; _builder_version=&#8221;4.27.6&#8243; _module_preset=&#8221;default&#8221; title_text_color=&#8221;#242424&#8243; title_font=&#8221;|700||on|||||&#8221; border_radii=&#8221;off|||20px|20px&#8221; border_width_top=&#8221;0px&#8221; global_colors_info=&#8221;{}&#8221;]<\/p>\n<ul>\n<li>Mapping of time-consuming manual processes across your operations<\/li>\n<li>Design and implementation of automations using no-code or low-code tools<\/li>\n<li>Documentation so your team can maintain and expand automations independently<\/li>\n<\/ul>\n<p>[\/et_pb_toggle][\/et_pb_column][et_pb_column type=&#8221;1_3&#8243; _builder_version=&#8221;4.27.4&#8243; _module_preset=&#8221;default&#8221; global_colors_info=&#8221;{}&#8221;][et_pb_cta title=&#8221;Data &#038; Impact Reporting&#8221; _builder_version=&#8221;4.27.6&#8243; _module_preset=&#8221;default&#8221; header_font=&#8221;|700||on|||||&#8221; background_enable_color=&#8221;off&#8221; use_background_color_gradient=&#8221;on&#8221; background_color_gradient_stops=&#8221;rgba(0,35,162,0.3) 1%|rgba(0,35,162,0.76) 100%&#8221; background_color_gradient_overlays_image=&#8221;on&#8221; background_image=&#8221;https:\/\/iguality.org\/wp-content\/uploads\/2026\/04\/4.jpg&#8221; min_height=&#8221;270px&#8221; custom_margin=&#8221;||0px||false|false&#8221; custom_padding=&#8221;110px||50px||false|false&#8221; header_text_shadow_style=&#8221;preset1&#8243; border_radii=&#8221;off|20px|20px||&#8221; global_colors_info=&#8221;{}&#8221;][\/et_pb_cta][et_pb_toggle title=&#8221;Description&#8221; closed_toggle_background_color=&#8221;#FFFFFF&#8221; icon_color=&#8221;#1649FF&#8221; _builder_version=&#8221;4.27.6&#8243; _module_preset=&#8221;default&#8221; title_text_color=&#8221;#242424&#8243; title_font=&#8221;|700||on|||||&#8221; custom_margin=&#8221;||0px||false|false&#8221; border_width_top=&#8221;0px&#8221; global_colors_info=&#8221;{}&#8221;]<\/p>\n<p>We help you set up simple, sustainable systems to track your activities and measure your impact \u2014 making grant reporting and donor communication easier and more credible.<\/p>\n<p>[\/et_pb_toggle][et_pb_toggle title=&#8221;What this includes&#8221; closed_toggle_background_color=&#8221;#FFFFFF&#8221; icon_color=&#8221;#1649FF&#8221; _builder_version=&#8221;4.27.6&#8243; _module_preset=&#8221;default&#8221; title_text_color=&#8221;#242424&#8243; title_font=&#8221;|700||on|||||&#8221; border_radii=&#8221;off|||20px|20px&#8221; border_width_top=&#8221;0px&#8221; global_colors_info=&#8221;{}&#8221;]<\/p>\n<ul>\n<li>Design of an impact tracking framework aligned with your programmes<\/li>\n<li>Setup of tools to collect and organise data consistently<\/li>\n<li>Templates and guidance for grant reports and donor updates<\/li>\n<\/ul>\n<p>[\/et_pb_toggle][\/et_pb_column][\/et_pb_row][\/et_pb_section][et_pb_section fb_built=&#8221;1&#8243; module_id=&#8221;getstarted&#8221; _builder_version=&#8221;4.27.6&#8243; _module_preset=&#8221;default&#8221; background_enable_color=&#8221;off&#8221; custom_padding=&#8221;75px||60px||false|false&#8221; top_divider_height=&#8221;75px&#8221; bottom_divider_height=&#8221;75px&#8221; locked=&#8221;off&#8221; global_colors_info=&#8221;{}&#8221;][et_pb_row column_structure=&#8221;2_5,3_5&#8243; make_equal=&#8221;on&#8221; _builder_version=&#8221;4.27.4&#8243; _module_preset=&#8221;default&#8221; custom_css_main_element=&#8221;align-items: center;&#8221; global_module=&#8221;272594&#8243; saved_tabs=&#8221;all&#8221; global_colors_info=&#8221;{}&#8221;][et_pb_column type=&#8221;2_5&#8243; _builder_version=&#8221;4.27.4&#8243; _module_preset=&#8221;default&#8221; global_colors_info=&#8221;{}&#8221;][et_pb_text _builder_version=&#8221;4.27.4&#8243; _module_preset=&#8221;default&#8221; custom_margin=&#8221;||22px|||&#8221; global_colors_info=&#8221;{}&#8221;]<\/p>\n<h6>Get started<\/h6>\n<h2>Ready to start a new journey?<\/h2>\n<p>Get in touch with us to explore how your organisation can benefit from our offer while making a social impact.<\/p>\n<p>[\/et_pb_text][et_pb_blurb title=&#8221;Reach out to plan a call or request a quote&#8221; use_icon=&#8221;on&#8221; font_icon=&#8221;&#xf0a9;||fa||900&#8243; icon_color=&#8221;#1649FF&#8221; icon_placement=&#8221;left&#8221; image_icon_width=&#8221;32px&#8221; _builder_version=&#8221;4.27.4&#8243; header_text_align=&#8221;left&#8221; body_text_align=&#8221;left&#8221; body_text_color=&#8221;#242424&#8243; body_font_size=&#8221;17px&#8221; body_line_height=&#8221;1.9em&#8221; custom_margin=&#8221;||20px||false|false&#8221; custom_padding=&#8221;||7px|||&#8221; custom_css_blurb_title=&#8221;padding-bottom: 5px;&#8221; locked=&#8221;off&#8221; global_colors_info=&#8221;{}&#8221;]<\/p>\n<p>Help us understand your needs for an effective collaboration.<\/p>\n<p>[\/et_pb_blurb][et_pb_blurb title=&#8221;Plan the collaboration &#038; activities&#8221; use_icon=&#8221;on&#8221; font_icon=&#8221;&#xf0a9;||fa||900&#8243; icon_color=&#8221;#1649FF&#8221; icon_placement=&#8221;left&#8221; image_icon_width=&#8221;32px&#8221; _builder_version=&#8221;4.27.4&#8243; header_text_align=&#8221;left&#8221; body_text_align=&#8221;left&#8221; body_text_color=&#8221;#242424&#8243; body_font_size=&#8221;17px&#8221; body_line_height=&#8221;1.9em&#8221; custom_margin=&#8221;||20px||false|false&#8221; custom_padding=&#8221;||7px|||&#8221; custom_css_blurb_title=&#8221;padding-bottom: 5px;&#8221; locked=&#8221;off&#8221; global_colors_info=&#8221;{}&#8221;]<\/p>\n<p>At days and times that suit your teams the best.<\/p>\n<p>[\/et_pb_blurb][et_pb_blurb title=&#8221;Follow up and evaluation&#8221; use_icon=&#8221;on&#8221; font_icon=&#8221;&#xf0a9;||fa||900&#8243; icon_color=&#8221;#1649FF&#8221; icon_placement=&#8221;left&#8221; image_icon_width=&#8221;32px&#8221; _builder_version=&#8221;4.27.4&#8243; header_text_align=&#8221;left&#8221; body_text_align=&#8221;left&#8221; body_text_color=&#8221;#242424&#8243; body_font_size=&#8221;17px&#8221; body_line_height=&#8221;1.9em&#8221; custom_margin=&#8221;||20px||false|false&#8221; custom_padding=&#8221;||7px|||&#8221; custom_css_blurb_title=&#8221;padding-bottom: 5px;&#8221; locked=&#8221;off&#8221; global_colors_info=&#8221;{}&#8221;]<\/p>\n<p>To ensure the highest quality possible.<\/p>\n<p>[\/et_pb_blurb][et_pb_button button_url=&#8221;https:\/\/iguality.fillout.com\/contact-us&#8221; button_text=&#8221;Contact us&#8221; _builder_version=&#8221;4.27.6&#8243; _module_preset=&#8221;default&#8221; global_colors_info=&#8221;{}&#8221;][\/et_pb_button][\/et_pb_column][et_pb_column type=&#8221;3_5&#8243; _builder_version=&#8221;4.27.4&#8243; _module_preset=&#8221;default&#8221; global_colors_info=&#8221;{}&#8221;][et_pb_image src=&#8221;https:\/\/iguality.org\/wp-content\/uploads\/2025\/04\/iguality-mental-health-salud-mental-ngo169.jpg&#8221; title_text=&#8221;iguality-mental-health-salud-mental-ngo169&#8243; align=&#8221;center&#8221; force_fullwidth=&#8221;on&#8221; _builder_version=&#8221;4.27.4&#8243; _module_preset=&#8221;default&#8221; global_colors_info=&#8221;{}&#8221;][\/et_pb_image][\/et_pb_column][\/et_pb_row][\/et_pb_section]<\/p>\n","protected":false},"excerpt":{"rendered":"<p>R\u00e9alisez des \u00e9conomies d'\u00e9chelle, d\u00e9veloppez vos activit\u00e9s de mani\u00e8re plus intelligente et menez des projets europ\u00e9ens en toute confiance. Iguality offre des services de conseil num\u00e9rique et op\u00e9rationnel aux organisations \u00e0 but non lucratif, ainsi qu'une direction de bout en bout du consortium Erasmus+ - de la conception \u00e0 la livraison en passant par la soumission. Nos honoraires peuvent \u00eatre int\u00e9gr\u00e9s au budget de votre projet.<\/p>","protected":false},"author":3,"featured_media":279440,"parent":272574,"menu_order":0,"comment_status":"closed","ping_status":"closed","template":"","meta":{"_acf_changed":false,"_et_pb_use_builder":"on","_et_pb_old_content":"","_et_gb_content_width":"","footnotes":""},"class_list":["post-279437","page","type-page","status-publish","has-post-thumbnail","hentry"],"acf":[],"aioseo_notices":[],"_links":{"self":[{"href":"https:\/\/iguality.org\/fr\/wp-json\/wp\/v2\/pages\/279437","targetHints":{"allow":["GET"]}}],"collection":[{"href":"https:\/\/iguality.org\/fr\/wp-json\/wp\/v2\/pages"}],"about":[{"href":"https:\/\/iguality.org\/fr\/wp-json\/wp\/v2\/types\/page"}],"author":[{"embeddable":true,"href":"https:\/\/iguality.org\/fr\/wp-json\/wp\/v2\/users\/3"}],"replies":[{"embeddable":true,"href":"https:\/\/iguality.org\/fr\/wp-json\/wp\/v2\/comments?post=279437"}],"version-history":[{"count":6,"href":"https:\/\/iguality.org\/fr\/wp-json\/wp\/v2\/pages\/279437\/revisions"}],"predecessor-version":[{"id":280667,"href":"https:\/\/iguality.org\/fr\/wp-json\/wp\/v2\/pages\/279437\/revisions\/280667"}],"up":[{"embeddable":true,"href":"https:\/\/iguality.org\/fr\/wp-json\/wp\/v2\/pages\/272574"}],"wp:featuredmedia":[{"embeddable":true,"href":"https:\/\/iguality.org\/fr\/wp-json\/wp\/v2\/media\/279440"}],"wp:attachment":[{"href":"https:\/\/iguality.org\/fr\/wp-json\/wp\/v2\/media?parent=279437"}],"curies":[{"name":"wp","href":"https:\/\/api.w.org\/{rel}","templated":true}]}}