{"id":275062,"date":"2025-11-05T09:50:11","date_gmt":"2025-11-05T09:50:11","guid":{"rendered":"https:\/\/iguality.org\/?page_id=275062"},"modified":"2026-04-15T13:19:06","modified_gmt":"2026-04-15T13:19:06","slug":"pour-les-universites","status":"publish","type":"page","link":"https:\/\/iguality.org\/fr\/services\/for-universities\/","title":{"rendered":"Services pour les universit\u00e9s"},"content":{"rendered":"<p>[et_pb_section fb_built=&#8221;1&#8243; admin_label=&#8221;Section&#8221; module_id=&#8221;next&#8221; _builder_version=&#8221;4.27.4&#8243; _module_preset=&#8221;default&#8221; background_enable_color=&#8221;off&#8221; top_divider_height=&#8221;20px&#8221; locked=&#8221;off&#8221; global_colors_info=&#8221;{}&#8221;][et_pb_row make_equal=&#8221;on&#8221; _builder_version=&#8221;4.27.0&#8243; _module_preset=&#8221;default&#8221; custom_padding=&#8221;19px||27px|||&#8221; custom_css_main_element=&#8221;align-items: center;&#8221; locked=&#8221;off&#8221; global_colors_info=&#8221;{}&#8221;][et_pb_column type=&#8221;4_4&#8243; _builder_version=&#8221;4.27.0&#8243; _module_preset=&#8221;default&#8221; global_colors_info=&#8221;{}&#8221;][et_pb_text _builder_version=&#8221;4.27.4&#8243; _module_preset=&#8221;default&#8221; header_2_text_align=&#8221;center&#8221; text_orientation=&#8221;center&#8221; width_tablet=&#8221;auto&#8221; width_phone=&#8221;auto&#8221; width_last_edited=&#8221;on|phone&#8221; module_alignment=&#8221;left&#8221; custom_margin=&#8221;||4px||false|false&#8221; global_colors_info=&#8221;{}&#8221;]<\/p>\n<h6>Delivery methods<\/h6>\n<h2>3 ways to bring Iguality into the classroom<\/h2>\n<p>[\/et_pb_text][\/et_pb_column][\/et_pb_row][et_pb_row column_structure=&#8221;1_3,1_3,1_3&#8243; use_custom_gutter=&#8221;on&#8221; gutter_width=&#8221;2&#8243; _builder_version=&#8221;4.27.6&#8243; _module_preset=&#8221;default&#8221; custom_padding=&#8221;15px||20px|||&#8221; custom_css_main_element=&#8221;align-items: center;&#8221; locked=&#8221;off&#8221; global_colors_info=&#8221;{}&#8221;][et_pb_column type=&#8221;1_3&#8243; _builder_version=&#8221;4.27.0&#8243; _module_preset=&#8221;default&#8221; global_colors_info=&#8221;{}&#8221;][et_pb_blurb title=&#8221;Guest lectures &#038; seminars&#8221; use_icon=&#8221;on&#8221; font_icon=&#8221;&#xe052;||divi||400&#8243; icon_color=&#8221;#1649FF&#8221; icon_placement=&#8221;left&#8221; image_icon_width=&#8221;27px&#8221; content_max_width=&#8221;95%&#8221; _builder_version=&#8221;4.27.6&#8243; _module_preset=&#8221;default&#8221; header_font=&#8221;|800||on|||||&#8221; header_font_size=&#8221;19px&#8221; header_line_height=&#8221;1em&#8221; custom_margin=&#8221;||25px||false|false&#8221; custom_padding=&#8221;||||false|false&#8221; global_colors_info=&#8221;{}&#8221;]<\/p>\n<p><strong><span style=\"text-decoration: underline;\">On-campus or online<\/span><\/strong><br \/>Iguality&#8217;s team delivers lectures and seminars on mental health, migration, social justice, and inclusion \u2014 designed for social work, psychology, education, and related degree programmes.<\/p>\n<p>[\/et_pb_blurb][\/et_pb_column][et_pb_column type=&#8221;1_3&#8243; _builder_version=&#8221;4.27.0&#8243; _module_preset=&#8221;default&#8221; global_colors_info=&#8221;{}&#8221;][et_pb_blurb title=&#8221;Practicum &#038; Internship Hosting&#8221; use_icon=&#8221;on&#8221; font_icon=&#8221;&#xe052;||divi||400&#8243; icon_color=&#8221;#1649FF&#8221; icon_placement=&#8221;left&#8221; image_icon_width=&#8221;27px&#8221; content_max_width=&#8221;95%&#8221; _builder_version=&#8221;4.27.6&#8243; _module_preset=&#8221;default&#8221; header_font=&#8221;|800||on|||||&#8221; header_font_size=&#8221;19px&#8221; header_line_height=&#8221;1em&#8221; custom_margin=&#8221;||25px||false|false&#8221; custom_padding=&#8221;||||false|false&#8221; global_colors_info=&#8221;{}&#8221;]<\/p>\n<p><strong><span style=\"text-decoration: underline;\">For a fixed fee per student<\/span><br \/><\/strong>We welcome students for supervised placements within our programmes \u2014 giving them direct exposure to psychosocial support, community sport, and advocacy work with vulnerable populations in Barcelona.<\/p>\n<p>[\/et_pb_blurb][\/et_pb_column][et_pb_column type=&#8221;1_3&#8243; _builder_version=&#8221;4.27.0&#8243; _module_preset=&#8221;default&#8221; global_colors_info=&#8221;{}&#8221;][et_pb_blurb title=&#8221;Wellbeing Sessions&#8221; use_icon=&#8221;on&#8221; font_icon=&#8221;&#xe052;||divi||400&#8243; icon_color=&#8221;#1649FF&#8221; icon_placement=&#8221;left&#8221; image_icon_width=&#8221;27px&#8221; content_max_width=&#8221;95%&#8221; _builder_version=&#8221;4.27.6&#8243; _module_preset=&#8221;default&#8221; header_font=&#8221;|800||on|||||&#8221; header_font_size=&#8221;19px&#8221; header_line_height=&#8221;1em&#8221; custom_margin=&#8221;||25px||false|false&#8221; custom_padding=&#8221;||||false|false&#8221; hover_enabled=&#8221;0&#8243; global_colors_info=&#8221;{}&#8221; sticky_enabled=&#8221;0&#8243;]<\/p>\n<p><strong><span style=\"text-decoration: underline;\">On-campus or online<\/span><br \/><\/strong>Structured wellbeing programming for students and staff \u2014 yoga, mindfulness, art therapy, breathwork \u2014 led by experienced facilitators. Practical stress management and mental health support integrated into campus life.<\/p>\n<p>[\/et_pb_blurb][\/et_pb_column][\/et_pb_row][et_pb_row make_equal=&#8221;on&#8221; _builder_version=&#8221;4.27.0&#8243; _module_preset=&#8221;default&#8221; custom_padding=&#8221;8px||5px|||&#8221; custom_css_main_element=&#8221;align-items: center;&#8221; locked=&#8221;off&#8221; global_colors_info=&#8221;{}&#8221;][et_pb_column type=&#8221;4_4&#8243; _builder_version=&#8221;4.27.0&#8243; _module_preset=&#8221;default&#8221; global_colors_info=&#8221;{}&#8221;][et_pb_button button_url=&#8221;#getstarted&#8221; button_text=&#8221;Get started&#8221; _builder_version=&#8221;4.27.6&#8243; _module_preset=&#8221;default&#8221; hover_enabled=&#8221;0&#8243; global_colors_info=&#8221;{}&#8221; button_alignment=&#8221;center&#8221; locked=&#8221;off&#8221; sticky_enabled=&#8221;0&#8243;][\/et_pb_button][\/et_pb_column][\/et_pb_row][\/et_pb_section][et_pb_section fb_built=&#8221;1&#8243; prev_background_color=&#8221;#ffffff&#8221; next_background_color=&#8221;#ffffff&#8221; module_id=&#8221;getstarted&#8221; _builder_version=&#8221;4.27.6&#8243; _module_preset=&#8221;default&#8221; background_color=&#8221;RGBA(22,73,255,0.04)&#8221; custom_padding=&#8221;75px||40px||false|false&#8221; top_divider_style=&#8221;wave2&#8243; top_divider_height=&#8221;75px&#8221; bottom_divider_style=&#8221;wave2&#8243; bottom_divider_height=&#8221;75px&#8221; global_colors_info=&#8221;%91%93&#8243;][et_pb_row make_equal=&#8221;on&#8221; _builder_version=&#8221;4.27.4&#8243; _module_preset=&#8221;default&#8221; custom_padding=&#8221;||7px|||&#8221; custom_css_main_element=&#8221;align-items: center;&#8221; locked=&#8221;off&#8221; global_colors_info=&#8221;%91%93&#8243;][et_pb_column type=&#8221;4_4&#8243; _builder_version=&#8221;4.27.4&#8243; _module_preset=&#8221;default&#8221; global_colors_info=&#8221;{}&#8221;][et_pb_text _builder_version=&#8221;4.27.4&#8243; _module_preset=&#8221;default&#8221; custom_margin=&#8221;||5px|||&#8221; global_colors_info=&#8221;{}&#8221;]<\/p>\n<h6>meaningful education<\/h6>\n<h2>Example lectures and seminars<\/h2>\n<p>[\/et_pb_text][\/et_pb_column][\/et_pb_row][et_pb_row column_structure=&#8221;1_3,1_3,1_3&#8243; use_custom_gutter=&#8221;on&#8221; gutter_width=&#8221;2&#8243; _builder_version=&#8221;4.27.6&#8243; _module_preset=&#8221;default&#8221; custom_padding=&#8221;5px|||||&#8221; custom_css_main_element=&#8221;align-items: center;&#8221; locked=&#8221;off&#8221; global_colors_info=&#8221;%91%93&#8243;][et_pb_column type=&#8221;1_3&#8243; _builder_version=&#8221;4.27.4&#8243; _module_preset=&#8221;default&#8221; global_colors_info=&#8221;{}&#8221;][et_pb_cta title=&#8221;Mental Health Matters: Understanding its importance&#8221; _builder_version=&#8221;4.27.6&#8243; _module_preset=&#8221;default&#8221; header_font=&#8221;|700||on|||||&#8221; background_enable_color=&#8221;off&#8221; use_background_color_gradient=&#8221;on&#8221; background_color_gradient_stops=&#8221;rgba(0,35,162,0.3) 1%|rgba(0,35,162,0.76) 100%&#8221; background_color_gradient_overlays_image=&#8221;on&#8221; background_image=&#8221;https:\/\/iguality.org\/wp-content\/uploads\/2026\/03\/iguality-website-photos-mental-health18.jpg&#8221; custom_margin=&#8221;||0px||false|false&#8221; custom_padding=&#8221;120px||100px||false|false&#8221; header_text_shadow_style=&#8221;preset1&#8243; border_radii=&#8221;off|20px|20px||&#8221; global_colors_info=&#8221;{}&#8221;][\/et_pb_cta][et_pb_toggle title=&#8221;Description&#8221; closed_toggle_background_color=&#8221;#FFFFFF&#8221; icon_color=&#8221;#1649FF&#8221; _builder_version=&#8221;4.27.6&#8243; _module_preset=&#8221;default&#8221; title_text_color=&#8221;#242424&#8243; title_font=&#8221;|700||on|||||&#8221; custom_margin=&#8221;||0px||false|false&#8221; border_width_top=&#8221;0px&#8221; global_colors_info=&#8221;{}&#8221;]<\/p>\n<p>In this lecture, students will explore common mental health challenges, understand how stigma prevents help-seeking, and discover practical strategies for supporting wellbeing \u2014 both personally and within their communities.<\/p>\n<p>[\/et_pb_toggle][et_pb_toggle title=&#8221;Learning Objectives&#8221; closed_toggle_background_color=&#8221;#FFFFFF&#8221; icon_color=&#8221;#1649FF&#8221; _builder_version=&#8221;4.27.6&#8243; _module_preset=&#8221;default&#8221; title_text_color=&#8221;#242424&#8243; title_font=&#8221;|700||on|||||&#8221; border_radii=&#8221;off|||20px|20px&#8221; border_width_top=&#8221;0px&#8221; global_colors_info=&#8221;{}&#8221;]<\/p>\n<ol>\n<li>Recognise common mental health conditions and how they manifest in everyday life.<\/li>\n<li>Understand how stigma shapes attitudes toward mental health and creates barriers to support.<\/li>\n<li>Apply practical strategies to support their own wellbeing and that of those around them.<\/li>\n<\/ol>\n<p>[\/et_pb_toggle][\/et_pb_column][et_pb_column type=&#8221;1_3&#8243; _builder_version=&#8221;4.27.4&#8243; _module_preset=&#8221;default&#8221; global_colors_info=&#8221;{}&#8221;][et_pb_cta title=&#8221;Understanding Iguality: Community-led social impact in action&#8221; _builder_version=&#8221;4.27.6&#8243; _module_preset=&#8221;default&#8221; header_font=&#8221;|700||on|||||&#8221; background_enable_color=&#8221;off&#8221; use_background_color_gradient=&#8221;on&#8221; background_color_gradient_stops=&#8221;rgba(0,35,162,0.3) 1%|rgba(0,35,162,0.76) 100%&#8221; background_color_gradient_overlays_image=&#8221;on&#8221; background_image=&#8221;https:\/\/iguality.org\/wp-content\/uploads\/2026\/03\/iguality-website-photos-mental-health19.jpg&#8221; custom_margin=&#8221;||0px||false|false&#8221; custom_padding=&#8221;120px||100px||false|false&#8221; header_text_shadow_style=&#8221;preset1&#8243; border_radii=&#8221;off|20px|20px||&#8221; global_colors_info=&#8221;{}&#8221;][\/et_pb_cta][et_pb_toggle title=&#8221;Description&#8221; closed_toggle_background_color=&#8221;#FFFFFF&#8221; icon_color=&#8221;#1649FF&#8221; _builder_version=&#8221;4.27.6&#8243; _module_preset=&#8221;default&#8221; title_text_color=&#8221;#242424&#8243; title_font=&#8221;|700||on|||||&#8221; custom_margin=&#8221;||0px||false|false&#8221; border_width_top=&#8221;0px&#8221; global_colors_info=&#8221;{}&#8221;]<\/p>\n<p>In this lecture, students will get a behind-the-scenes look at how Iguality supports vulnerable communities in Barcelona \u2014 from psychosocial care to community sport and advocacy \u2014 and discover how volunteers and innovative projects drive real change.<\/p>\n<p>[\/et_pb_toggle][et_pb_toggle title=&#8221;Learning Objectives&#8221; closed_toggle_background_color=&#8221;#FFFFFF&#8221; icon_color=&#8221;#1649FF&#8221; _builder_version=&#8221;4.27.6&#8243; _module_preset=&#8221;default&#8221; title_text_color=&#8221;#242424&#8243; title_font=&#8221;|700||on|||||&#8221; border_radii=&#8221;off|||20px|20px&#8221; border_width_top=&#8221;0px&#8221; global_colors_info=&#8221;{}&#8221;]<\/p>\n<ol>\n<li>Understand how a community-based NGO operates across multiple programmes and populations.<\/li>\n<li>Explore the role of volunteering and civic engagement in creating sustainable social impact.<\/li>\n<li>Reflect on how grassroots organisations contribute to systemic change at local and European level.<\/li>\n<\/ol>\n<p>[\/et_pb_toggle][\/et_pb_column][et_pb_column type=&#8221;1_3&#8243; _builder_version=&#8221;4.27.4&#8243; _module_preset=&#8221;default&#8221; global_colors_info=&#8221;{}&#8221;][et_pb_cta title=&#8221;Working for Social Impact: Turning passion into a career&#8221; _builder_version=&#8221;4.27.6&#8243; _module_preset=&#8221;default&#8221; header_font=&#8221;|700||on|||||&#8221; background_enable_color=&#8221;off&#8221; use_background_color_gradient=&#8221;on&#8221; background_color_gradient_stops=&#8221;rgba(0,35,162,0.3) 1%|rgba(0,35,162,0.76) 100%&#8221; background_color_gradient_overlays_image=&#8221;on&#8221; background_image=&#8221;https:\/\/iguality.org\/wp-content\/uploads\/2026\/03\/iguality-website-photos-mental-health20.jpg&#8221; custom_margin=&#8221;||0px||false|false&#8221; custom_padding=&#8221;120px||100px||false|false&#8221; header_text_shadow_style=&#8221;preset1&#8243; border_radii=&#8221;off|20px|20px||&#8221; global_colors_info=&#8221;{}&#8221;][\/et_pb_cta][et_pb_toggle title=&#8221;Description&#8221; closed_toggle_background_color=&#8221;#FFFFFF&#8221; icon_color=&#8221;#1649FF&#8221; _builder_version=&#8221;4.27.6&#8243; _module_preset=&#8221;default&#8221; title_text_color=&#8221;#242424&#8243; title_font=&#8221;|700||on|||||&#8221; custom_margin=&#8221;||0px||false|false&#8221; border_width_top=&#8221;0px&#8221; global_colors_info=&#8221;{}&#8221;]<\/p>\n<p>This course explores equality and non-discrimination in the workplace, focusing on gender equity, bias awareness, and fostering respectful, inclusive communication.<\/p>\n<p>[\/et_pb_toggle][et_pb_toggle title=&#8221;Learning Objectives&#8221; closed_toggle_background_color=&#8221;#FFFFFF&#8221; icon_color=&#8221;#1649FF&#8221; _builder_version=&#8221;4.27.6&#8243; _module_preset=&#8221;default&#8221; title_text_color=&#8221;#242424&#8243; title_font=&#8221;|700||on|||||&#8221; border_radii=&#8221;off|||20px|20px&#8221; border_width_top=&#8221;0px&#8221; global_colors_info=&#8221;{}&#8221;]<\/p>\n<ol>\n<li>Recognise unconscious bias and discriminatory patterns in workplace dynamics and decision-making.<\/li>\n<li>Understand the principles of gender equity and their practical application in organisational culture.<\/li>\n<li>Communicate inclusively and respectfully across diverse teams and contexts.<\/li>\n<\/ol>\n<p>[\/et_pb_toggle][\/et_pb_column][\/et_pb_row][\/et_pb_section][et_pb_section fb_built=&#8221;1&#8243; module_id=&#8221;getstarted&#8221; _builder_version=&#8221;4.27.6&#8243; _module_preset=&#8221;default&#8221; background_enable_color=&#8221;off&#8221; custom_padding=&#8221;27px||40px||false|false&#8221; top_divider_height=&#8221;75px&#8221; bottom_divider_height=&#8221;75px&#8221; locked=&#8221;off&#8221; global_colors_info=&#8221;{}&#8221;][et_pb_row column_structure=&#8221;2_5,3_5&#8243; make_equal=&#8221;on&#8221; _builder_version=&#8221;4.27.4&#8243; _module_preset=&#8221;default&#8221; custom_css_main_element=&#8221;align-items: center;&#8221; global_module=&#8221;272594&#8243; saved_tabs=&#8221;all&#8221; global_colors_info=&#8221;{}&#8221;][et_pb_column type=&#8221;2_5&#8243; _builder_version=&#8221;4.27.4&#8243; _module_preset=&#8221;default&#8221; global_colors_info=&#8221;{}&#8221;][et_pb_text _builder_version=&#8221;4.27.4&#8243; _module_preset=&#8221;default&#8221; custom_margin=&#8221;||22px|||&#8221; global_colors_info=&#8221;{}&#8221;]<\/p>\n<h6>Get started<\/h6>\n<h2>Ready to start a new journey?<\/h2>\n<p>Get in touch with us to explore how your organisation can benefit from our offer while making a social impact.<\/p>\n<p>[\/et_pb_text][et_pb_blurb title=&#8221;Reach out to plan a call or request a quote&#8221; use_icon=&#8221;on&#8221; font_icon=&#8221;&#xf0a9;||fa||900&#8243; icon_color=&#8221;#1649FF&#8221; icon_placement=&#8221;left&#8221; image_icon_width=&#8221;32px&#8221; _builder_version=&#8221;4.27.4&#8243; header_text_align=&#8221;left&#8221; body_text_align=&#8221;left&#8221; body_text_color=&#8221;#242424&#8243; body_font_size=&#8221;17px&#8221; body_line_height=&#8221;1.9em&#8221; custom_margin=&#8221;||20px||false|false&#8221; custom_padding=&#8221;||7px|||&#8221; custom_css_blurb_title=&#8221;padding-bottom: 5px;&#8221; locked=&#8221;off&#8221; global_colors_info=&#8221;{}&#8221;]<\/p>\n<p>Help us understand your needs for an effective collaboration.<\/p>\n<p>[\/et_pb_blurb][et_pb_blurb title=&#8221;Plan the collaboration &#038; activities&#8221; use_icon=&#8221;on&#8221; font_icon=&#8221;&#xf0a9;||fa||900&#8243; icon_color=&#8221;#1649FF&#8221; icon_placement=&#8221;left&#8221; image_icon_width=&#8221;32px&#8221; _builder_version=&#8221;4.27.4&#8243; header_text_align=&#8221;left&#8221; body_text_align=&#8221;left&#8221; body_text_color=&#8221;#242424&#8243; body_font_size=&#8221;17px&#8221; body_line_height=&#8221;1.9em&#8221; custom_margin=&#8221;||20px||false|false&#8221; custom_padding=&#8221;||7px|||&#8221; custom_css_blurb_title=&#8221;padding-bottom: 5px;&#8221; locked=&#8221;off&#8221; global_colors_info=&#8221;{}&#8221;]<\/p>\n<p>At days and times that suit your teams the best.<\/p>\n<p>[\/et_pb_blurb][et_pb_blurb title=&#8221;Follow up and evaluation&#8221; use_icon=&#8221;on&#8221; font_icon=&#8221;&#xf0a9;||fa||900&#8243; icon_color=&#8221;#1649FF&#8221; icon_placement=&#8221;left&#8221; image_icon_width=&#8221;32px&#8221; _builder_version=&#8221;4.27.4&#8243; header_text_align=&#8221;left&#8221; body_text_align=&#8221;left&#8221; body_text_color=&#8221;#242424&#8243; body_font_size=&#8221;17px&#8221; body_line_height=&#8221;1.9em&#8221; custom_margin=&#8221;||20px||false|false&#8221; custom_padding=&#8221;||7px|||&#8221; custom_css_blurb_title=&#8221;padding-bottom: 5px;&#8221; locked=&#8221;off&#8221; global_colors_info=&#8221;{}&#8221;]<\/p>\n<p>To ensure the highest quality possible.<\/p>\n<p>[\/et_pb_blurb][et_pb_button button_url=&#8221;https:\/\/iguality.fillout.com\/contact-us&#8221; button_text=&#8221;Contact us&#8221; _builder_version=&#8221;4.27.6&#8243; _module_preset=&#8221;default&#8221; global_colors_info=&#8221;{}&#8221;][\/et_pb_button][\/et_pb_column][et_pb_column type=&#8221;3_5&#8243; _builder_version=&#8221;4.27.4&#8243; _module_preset=&#8221;default&#8221; global_colors_info=&#8221;{}&#8221;][et_pb_image src=&#8221;https:\/\/iguality.org\/wp-content\/uploads\/2025\/04\/iguality-mental-health-salud-mental-ngo169.jpg&#8221; title_text=&#8221;iguality-mental-health-salud-mental-ngo169&#8243; align=&#8221;center&#8221; force_fullwidth=&#8221;on&#8221; _builder_version=&#8221;4.27.4&#8243; _module_preset=&#8221;default&#8221; global_colors_info=&#8221;{}&#8221;][\/et_pb_image][\/et_pb_column][\/et_pb_row][\/et_pb_section]<\/p>\n","protected":false},"excerpt":{"rendered":"<p>Faites entrer le secteur social dans la salle de classe. Iguality propose des conf\u00e9rences et des s\u00e9minaires sur la sant\u00e9 mentale, les migrations, la justice sociale et l'inclusion, ainsi que des stages structur\u00e9s pour les \u00e9tudiants en travail social, en psychologie et dans d'autres domaines connexes. De vraies communaut\u00e9s, un v\u00e9ritable apprentissage.<\/p>","protected":false},"author":3,"featured_media":270960,"parent":272574,"menu_order":0,"comment_status":"closed","ping_status":"closed","template":"","meta":{"_acf_changed":false,"_et_pb_use_builder":"on","_et_pb_old_content":"","_et_gb_content_width":"","footnotes":""},"class_list":["post-275062","page","type-page","status-publish","has-post-thumbnail","hentry"],"acf":[],"aioseo_notices":[],"_links":{"self":[{"href":"https:\/\/iguality.org\/fr\/wp-json\/wp\/v2\/pages\/275062","targetHints":{"allow":["GET"]}}],"collection":[{"href":"https:\/\/iguality.org\/fr\/wp-json\/wp\/v2\/pages"}],"about":[{"href":"https:\/\/iguality.org\/fr\/wp-json\/wp\/v2\/types\/page"}],"author":[{"embeddable":true,"href":"https:\/\/iguality.org\/fr\/wp-json\/wp\/v2\/users\/3"}],"replies":[{"embeddable":true,"href":"https:\/\/iguality.org\/fr\/wp-json\/wp\/v2\/comments?post=275062"}],"version-history":[{"count":12,"href":"https:\/\/iguality.org\/fr\/wp-json\/wp\/v2\/pages\/275062\/revisions"}],"predecessor-version":[{"id":280662,"href":"https:\/\/iguality.org\/fr\/wp-json\/wp\/v2\/pages\/275062\/revisions\/280662"}],"up":[{"embeddable":true,"href":"https:\/\/iguality.org\/fr\/wp-json\/wp\/v2\/pages\/272574"}],"wp:featuredmedia":[{"embeddable":true,"href":"https:\/\/iguality.org\/fr\/wp-json\/wp\/v2\/media\/270960"}],"wp:attachment":[{"href":"https:\/\/iguality.org\/fr\/wp-json\/wp\/v2\/media?parent=275062"}],"curies":[{"name":"wp","href":"https:\/\/api.w.org\/{rel}","templated":true}]}}