{"id":269840,"date":"2025-01-05T16:17:35","date_gmt":"2025-01-05T16:17:35","guid":{"rendered":"https:\/\/iguality.org\/?page_id=269840"},"modified":"2025-11-29T20:12:27","modified_gmt":"2025-11-29T20:12:27","slug":"soutien-de-groupe","status":"publish","type":"page","link":"https:\/\/iguality.org\/fr\/what-we-do\/ourwork-psychosocial-support\/group-support\/","title":{"rendered":"Soutien de groupe"},"content":{"rendered":"<p>[et_pb_section fb_built=&#8221;1&#8243; _builder_version=&#8221;4.27.4&#8243; _module_preset=&#8221;default&#8221; background_color=&#8221;#242424&#8243; background_enable_color=&#8221;off&#8221; use_background_color_gradient=&#8221;on&#8221; custom_margin=&#8221;18px||0px||false|false&#8221; custom_margin_tablet=&#8221;0px||||false|false&#8221; custom_margin_last_edited=&#8221;on|tablet&#8221; custom_padding=&#8221;0px||0px||false|false&#8221; hover_enabled=&#8221;0&#8243; global_module=&#8221;272454&#8243; saved_tabs=&#8221;all&#8221; global_colors_info=&#8221;{}&#8221; background_color_gradient_stops=&#8221;#1649ff 0%|#0023a2 99%&#8221; sticky_enabled=&#8221;0&#8243; custom_margin_phone=&#8221;0px||||false|false&#8221;][et_pb_row _builder_version=&#8221;4.27.4&#8243; _module_preset=&#8221;default&#8221; custom_margin=&#8221;0px||0px||false|false&#8221; custom_padding=&#8221;6px||0px||false|false&#8221; global_colors_info=&#8221;{}&#8221;][et_pb_column type=&#8221;4_4&#8243; _builder_version=&#8221;4.27.4&#8243; _module_preset=&#8221;default&#8221; global_colors_info=&#8221;{}&#8221;][et_pb_blurb title=&#8221;If you feel like you might seriously harm yourself or attempt suicide, you need urgent medical help.&#8221; use_icon=&#8221;on&#8221; font_icon=&#8221;&#xf05a;||fa||900&#8243; icon_color=&#8221;#FFFFFF&#8221; icon_placement=&#8221;left&#8221; _builder_version=&#8221;4.27.4&#8243; _module_preset=&#8221;default&#8221; header_text_color=&#8221;#FFFFFF&#8221; header_font_size=&#8221;16px&#8221; body_text_color=&#8221;#FFFFFF&#8221; body_line_height=&#8221;1em&#8221; body_link_font=&#8221;||||on||||&#8221; body_link_text_color=&#8221;#FFFFFF&#8221; body_link_font_size=&#8221;15px&#8221; custom_margin=&#8221;10px||10px||true|false&#8221; custom_padding=&#8221;0px||0px||false|false&#8221; custom_css_blurb_title=&#8221;margin-bottom: -5px;&#8221; custom_css_blurb_content=&#8221;margin-bottom: 18px;&#8221; global_colors_info=&#8221;{}&#8221;]<\/p>\n<p><a href=\"https:\/\/iguality.org\/how-to-get-help-in-a-mental-health-crisis\/\">Get emergency advice here<\/a><\/p>\n<p>[\/et_pb_blurb][\/et_pb_column][\/et_pb_row][\/et_pb_section][et_pb_section fb_built=&#8221;1&#8243; module_id=&#8221;next&#8221; _builder_version=&#8221;4.27.4&#8243; _module_preset=&#8221;default&#8221; background_enable_color=&#8221;off&#8221; locked=&#8221;off&#8221; global_colors_info=&#8221;{}&#8221;][et_pb_row column_structure=&#8221;1_2,1_2&#8243; make_equal=&#8221;on&#8221; _builder_version=&#8221;4.27.4&#8243; _module_preset=&#8221;default&#8221; custom_css_main_element=&#8221;align-items: center;&#8221; global_colors_info=&#8221;{}&#8221;][et_pb_column type=&#8221;1_2&#8243; _builder_version=&#8221;4.27.0&#8243; _module_preset=&#8221;default&#8221; global_colors_info=&#8221;{}&#8221;][et_pb_image src=&#8221;https:\/\/iguality.org\/wp-content\/uploads\/2025\/04\/Vertical-iguality-website-photos-mental-health-1.jpg&#8221; title_text=&#8221;Vertical iguality website photos mental health (1)&#8221; _builder_version=&#8221;4.27.4&#8243; _module_preset=&#8221;default&#8221; custom_margin=&#8221;||21px|||&#8221; border_radii=&#8221;on|10px|10px|10px|10px&#8221; global_colors_info=&#8221;{}&#8221;][\/et_pb_image][\/et_pb_column][et_pb_column type=&#8221;1_2&#8243; _builder_version=&#8221;4.27.0&#8243; _module_preset=&#8221;default&#8221; global_colors_info=&#8221;{}&#8221;][et_pb_text _builder_version=&#8221;4.27.4&#8243; _module_preset=&#8221;default&#8221; custom_margin=&#8221;||14px|||&#8221; custom_padding=&#8221;||12px|||&#8221; global_colors_info=&#8221;{}&#8221;]<\/p>\n<h6>Our offer<\/h6>\n<h2>Group support options<\/h2>\n<p>We offer a variety of approaches to help you explore and address challenges, including:<\/p>\n<p>[\/et_pb_text][et_pb_blurb title=&#8221;Art Therapy&#8221; use_icon=&#8221;on&#8221; font_icon=&#8221;&#xf53f;||fa||900&#8243; icon_color=&#8221;#1649FF&#8221; icon_placement=&#8221;left&#8221; image_icon_width=&#8221;34px&#8221; _builder_version=&#8221;4.27.4&#8243; _module_preset=&#8221;default&#8221; header_line_height=&#8221;0.8em&#8221; body_font=&#8221;&#8211;et_global_body_font||||||||&#8221; body_font_size=&#8221;17px&#8221; body_line_height=&#8221;1.9em&#8221; image_icon_custom_margin=&#8221;0px||||false|false&#8221; custom_margin=&#8221;||19px||false|false&#8221; locked=&#8221;off&#8221; global_colors_info=&#8221;{}&#8221;]<\/p>\n<p>Express yourself and your creativity through activities such as painting or working with clay, while sharing and reflecting on the experience with others.<\/p>\n<p>[\/et_pb_blurb][et_pb_blurb title=&#8221;Mindfulness&#8221; use_icon=&#8221;on&#8221; font_icon=&#8221;&#xf582;||fa||900&#8243; icon_color=&#8221;#1649FF&#8221; icon_placement=&#8221;left&#8221; image_icon_width=&#8221;34px&#8221; _builder_version=&#8221;4.27.4&#8243; _module_preset=&#8221;default&#8221; header_line_height=&#8221;0.8em&#8221; body_font=&#8221;&#8211;et_global_body_font||||||||&#8221; body_font_size=&#8221;17px&#8221; body_line_height=&#8221;1.9em&#8221; image_icon_custom_margin=&#8221;0px||||false|false&#8221; custom_margin=&#8221;||19px||false|false&#8221; locked=&#8221;off&#8221; global_colors_info=&#8221;{}&#8221;]<\/p>\n<p>Discover practical techniques to stay calm, focused, and present, helping you manage stress and improve daily wellbeing.<\/p>\n<p>[\/et_pb_blurb][et_pb_blurb title=&#8221;Yoga&#8221; use_icon=&#8221;on&#8221; font_icon=&#8221;&#xf21d;||fa||900&#8243; icon_color=&#8221;#1649FF&#8221; icon_placement=&#8221;left&#8221; image_icon_width=&#8221;34px&#8221; _builder_version=&#8221;4.27.4&#8243; _module_preset=&#8221;default&#8221; header_line_height=&#8221;0.8em&#8221; body_font=&#8221;&#8211;et_global_body_font||||||||&#8221; body_font_size=&#8221;17px&#8221; body_line_height=&#8221;1.9em&#8221; image_icon_custom_margin=&#8221;0px||||false|false&#8221; custom_margin=&#8221;||4px||false|false&#8221; locked=&#8221;off&#8221; global_colors_info=&#8221;{}&#8221;]<\/p>\n<p>Enhance your physical and mental wellbeing with gentle stretches, movement, and breathing exercises designed to bring balance and relaxation to both body and mind.<\/p>\n<p>[\/et_pb_blurb][et_pb_text _builder_version=&#8221;4.27.0&#8243; _module_preset=&#8221;default&#8221; custom_margin=&#8221;||24px|||&#8221; global_colors_info=&#8221;{}&#8221;]<\/p>\n<h2><\/h2>\n<p>These sessions are a valuable opportunity to grow, connect, and find new ways to navigate life\u2019s challenges.<\/p>\n<p>[\/et_pb_text][\/et_pb_column][\/et_pb_row][\/et_pb_section][et_pb_section fb_built=&#8221;1&#8243; _builder_version=&#8221;4.27.4&#8243; _module_preset=&#8221;default&#8221; locked=&#8221;off&#8221; global_colors_info=&#8221;{}&#8221; prev_background_color=&#8221;#ffffff&#8221; next_background_color=&#8221;#ffffff&#8221; background_color=&#8221;RGBA(22,73,255,0.04)&#8221; custom_padding=&#8221;75px||75px||true|false&#8221; top_divider_style=&#8221;wave2&#8243; top_divider_height=&#8221;75px&#8221; bottom_divider_style=&#8221;wave2&#8243; bottom_divider_height=&#8221;75px&#8221;][et_pb_row column_structure=&#8221;1_2,1_2&#8243; make_equal=&#8221;on&#8221; _builder_version=&#8221;4.27.4&#8243; _module_preset=&#8221;default&#8221; custom_css_main_element=&#8221;align-items: center;&#8221; global_colors_info=&#8221;{}&#8221;][et_pb_column type=&#8221;1_2&#8243; _builder_version=&#8221;4.27.0&#8243; _module_preset=&#8221;default&#8221; global_colors_info=&#8221;{}&#8221;][et_pb_text _builder_version=&#8221;4.27.4&#8243; _module_preset=&#8221;default&#8221; custom_margin=&#8221;||22px|||&#8221; global_colors_info=&#8221;{}&#8221;]<\/p>\n<h6>Eligibility<\/h6>\n<h2>When can you join?<\/h2>\n<p>Our mental health and psychosocial support services are specifically designed for those who can&#8217;t afford private care and are part of specific communities that are often at risk of social exclusion, such as refugees, LGBTQ+ individuals, victims of domestic violence, and others.<\/p>\n<p>If you haven&#8217;t yet, please ensure you have reviewed our general information page before requesting support, as it includes important details and requirements &#8211; thank you.<\/p>\n<p><strong>Some of our group activities may be only accessible for specific communities, which will be indicated in the registration form.<\/strong><\/p>\n<p>[\/et_pb_text][et_pb_button button_url=&#8221;https:\/\/iguality.org\/ourwork-psychosocial-support\/#forwhomlink&#8221; url_new_window=&#8221;on&#8221; button_text=&#8221;Requirements and info&#8221; _builder_version=&#8221;4.27.4&#8243; _module_preset=&#8221;default&#8221; locked=&#8221;off&#8221; global_colors_info=&#8221;{}&#8221; button_bg_color__hover_enabled=&#8221;on|hover&#8221; button_bg_color_gradient_stops__hover=&#8221;#0023a2 0%|#1649ff 100%&#8221; button_bg_use_color_gradient__hover=&#8221;on&#8221; button_bg_color__hover=&#8221;#ffffff&#8221;][\/et_pb_button][\/et_pb_column][et_pb_column type=&#8221;1_2&#8243; _builder_version=&#8221;4.27.0&#8243; _module_preset=&#8221;default&#8221; global_colors_info=&#8221;{}&#8221;][et_pb_image src=&#8221;https:\/\/iguality.org\/wp-content\/uploads\/2025\/04\/iguality-mental-health-salud-mental-ngo110.jpg&#8221; title_text=&#8221;iguality-mental-health-salud-mental-ngo110&#8243; _builder_version=&#8221;4.27.4&#8243; _module_preset=&#8221;default&#8221; border_radii=&#8221;on|10px|10px|10px|10px&#8221; global_colors_info=&#8221;{}&#8221;][\/et_pb_image][\/et_pb_column][\/et_pb_row][\/et_pb_section][et_pb_section fb_built=&#8221;1&#8243; admin_label=&#8221;Section&#8221; module_id=&#8221;requestsupport&#8221; module_class=&#8221;requestsupport&#8221; _builder_version=&#8221;4.27.4&#8243; _module_preset=&#8221;default&#8221; background_enable_color=&#8221;off&#8221; locked=&#8221;off&#8221; global_colors_info=&#8221;{}&#8221;][et_pb_row column_structure=&#8221;3_4,1_4&#8243; make_equal=&#8221;on&#8221; _builder_version=&#8221;4.27.0&#8243; _module_preset=&#8221;default&#8221; custom_padding=&#8221;||7px|||&#8221; custom_css_main_element=&#8221;align-items: center;&#8221; global_colors_info=&#8221;{}&#8221;][et_pb_column type=&#8221;3_4&#8243; _builder_version=&#8221;4.27.0&#8243; _module_preset=&#8221;default&#8221; global_colors_info=&#8221;{}&#8221;][et_pb_text _builder_version=&#8221;4.27.4&#8243; _module_preset=&#8221;default&#8221; custom_margin=&#8221;||5px|||&#8221; global_colors_info=&#8221;{}&#8221;]<\/p>\n<h6>Get started<\/h6>\n<h2>Register for a next session<\/h2>\n<p>You can register directly or view the calendar first. If no sessions show in the registration form it means we don&#8217;t have space for our upcoming sessions. You can easily stay up to date of newly planned sessions through <a href=\"https:\/\/chat.whatsapp.com\/ILS4nSBgQ1r6OfOfrEdi8C\">our WhatsApp group here.<\/a><\/p>\n<p>[\/et_pb_text][\/et_pb_column][et_pb_column type=&#8221;1_4&#8243; _builder_version=&#8221;4.27.0&#8243; _module_preset=&#8221;default&#8221; global_colors_info=&#8221;{}&#8221;][et_pb_text _builder_version=&#8221;4.27.2&#8243; _module_preset=&#8221;default&#8221; header_4_text_color=&#8221;#1649FF&#8221; text_orientation=&#8221;center&#8221; custom_margin=&#8221;||5px|||&#8221; custom_padding=&#8221;||17px|||&#8221; text_orientation_tablet=&#8221;left&#8221; text_orientation_phone=&#8221;left&#8221; text_orientation_last_edited=&#8221;on|tablet&#8221; custom_css_main_element=&#8221;display: none;&#8221; global_colors_info=&#8221;{}&#8221;]<\/p>\n<h4><strong>NOTICE<\/strong><\/h4>\n<p><strong>Our request form is temporarily closed due to high demand. If you&#8217;d like to be notified when we reopen for new requests, please click the button below.<\/strong><\/p>\n<p>[\/et_pb_text][et_pb_button button_url=&#8221;https:\/\/iguality.fillout.com\/group-support&#8221; url_new_window=&#8221;on&#8221; button_text=&#8221;Free registration&#8221; _builder_version=&#8221;4.27.4&#8243; _module_preset=&#8221;default&#8221; locked=&#8221;off&#8221; global_colors_info=&#8221;{}&#8221; button_bg_color__hover_enabled=&#8221;on|hover&#8221; button_bg_color_gradient_stops__hover=&#8221;#0023a2 0%|#1649ff 100%&#8221; button_bg_use_color_gradient__hover=&#8221;on&#8221; button_bg_color__hover=&#8221;#ffffff&#8221;][\/et_pb_button][et_pb_button button_url=&#8221;https:\/\/airtable.com\/app5Qn6gdKy1Lkfp9\/shrKIXMN161pkqvWC&#8221; url_new_window=&#8221;on&#8221; button_text=&#8221;Session calendar&#8221; _builder_version=&#8221;4.27.4&#8243; _module_preset=&#8221;default&#8221; custom_button=&#8221;on&#8221; button_text_color=&#8221;#1649FF&#8221; button_bg_color=&#8221;RGBA(255,255,255,0)&#8221; button_border_color=&#8221;RGBA(255,255,255,0)&#8221; button_font=&#8221;||||||||&#8221; button_icon=&#8221;&#x24;||divi||400&#8243; button_icon_color=&#8221;#1649FF&#8221; button_on_hover=&#8221;off&#8221; custom_margin=&#8221;0px|0px|10px|0px|false|false&#8221; custom_padding=&#8221;0px|0px||7px|false|false&#8221; box_shadow_style=&#8221;none&#8221; locked=&#8221;off&#8221; global_colors_info=&#8221;{}&#8221; button_text_color__hover=&#8221;#0023A2&#8243; button_text_color__hover_enabled=&#8221;on|hover&#8221; button_bg_color__hover=&#8221;RGBA(255,255,255,0)&#8221; button_bg_color__hover_enabled=&#8221;on|hover&#8221; button_border_color__hover=&#8221;RGBA(255,255,255,0)&#8221; button_border_color__hover_enabled=&#8221;on|hover&#8221;][\/et_pb_button][\/et_pb_column][\/et_pb_row][\/et_pb_section]<\/p>\n","protected":false},"excerpt":{"rendered":"<p>D\u00e9couvrez nos activit\u00e9s de soutien en groupe. De l&#039;art-th\u00e9rapie au yoga, nous proposons des s\u00e9ances con\u00e7ues pour aider les communaut\u00e9s \u00e0 surmonter les probl\u00e8mes de sant\u00e9 mentale et \u00e0 tisser des liens significatifs. Pour en savoir plus et nous rejoindre, rendez-vous sur cette page.<\/p>","protected":false},"author":3,"featured_media":270945,"parent":268196,"menu_order":0,"comment_status":"closed","ping_status":"closed","template":"","meta":{"_acf_changed":false,"_et_pb_use_builder":"on","_et_pb_old_content":"","_et_gb_content_width":"","footnotes":""},"class_list":["post-269840","page","type-page","status-publish","has-post-thumbnail","hentry"],"acf":[],"aioseo_notices":[],"_links":{"self":[{"href":"https:\/\/iguality.org\/fr\/wp-json\/wp\/v2\/pages\/269840","targetHints":{"allow":["GET"]}}],"collection":[{"href":"https:\/\/iguality.org\/fr\/wp-json\/wp\/v2\/pages"}],"about":[{"href":"https:\/\/iguality.org\/fr\/wp-json\/wp\/v2\/types\/page"}],"author":[{"embeddable":true,"href":"https:\/\/iguality.org\/fr\/wp-json\/wp\/v2\/users\/3"}],"replies":[{"embeddable":true,"href":"https:\/\/iguality.org\/fr\/wp-json\/wp\/v2\/comments?post=269840"}],"version-history":[{"count":37,"href":"https:\/\/iguality.org\/fr\/wp-json\/wp\/v2\/pages\/269840\/revisions"}],"predecessor-version":[{"id":277405,"href":"https:\/\/iguality.org\/fr\/wp-json\/wp\/v2\/pages\/269840\/revisions\/277405"}],"up":[{"embeddable":true,"href":"https:\/\/iguality.org\/fr\/wp-json\/wp\/v2\/pages\/268196"}],"wp:featuredmedia":[{"embeddable":true,"href":"https:\/\/iguality.org\/fr\/wp-json\/wp\/v2\/media\/270945"}],"wp:attachment":[{"href":"https:\/\/iguality.org\/fr\/wp-json\/wp\/v2\/media?parent=269840"}],"curies":[{"name":"wp","href":"https:\/\/api.w.org\/{rel}","templated":true}]}}