{"id":279223,"date":"2026-03-17T09:12:37","date_gmt":"2026-03-17T09:12:37","guid":{"rendered":"https:\/\/iguality.org\/?page_id=279223"},"modified":"2026-04-09T13:35:19","modified_gmt":"2026-04-09T13:35:19","slug":"teoria-del-cambio","status":"publish","type":"page","link":"https:\/\/iguality.org\/es\/about\/theory-of-change\/","title":{"rendered":"Teor\u00eda del cambio de Iguality"},"content":{"rendered":"<p>[et_pb_section fb_built=&#8221;1&#8243; admin_label=&#8221;Section&#8221; module_id=&#8221;next&#8221; _builder_version=&#8221;4.27.4&#8243; _module_preset=&#8221;default&#8221; background_enable_color=&#8221;off&#8221; top_divider_height=&#8221;20px&#8221; locked=&#8221;off&#8221; global_colors_info=&#8221;{}&#8221;][et_pb_row column_structure=&#8221;1_4,1_4,1_4,1_4&#8243; use_custom_gutter=&#8221;on&#8221; gutter_width=&#8221;2&#8243; make_equal=&#8221;on&#8221; _builder_version=&#8221;4.27.6&#8243; _module_preset=&#8221;default&#8221; global_colors_info=&#8221;{}&#8221;][et_pb_column type=&#8221;1_4&#8243; _builder_version=&#8221;4.27.6&#8243; _module_preset=&#8221;default&#8221; custom_padding=&#8221;20px|20px|20px|20px|true|true&#8221; border_radii=&#8221;on|20px|20px|20px|20px&#8221; box_shadow_style=&#8221;preset2&#8243; box_shadow_horizontal=&#8221;0px&#8221; box_shadow_vertical=&#8221;0px&#8221; box_shadow_blur=&#8221;8px&#8221; global_colors_info=&#8221;{}&#8221;][et_pb_text _builder_version=&#8221;4.27.6&#8243; _module_preset=&#8221;default&#8221; text_font=&#8221;&#8211;et_global_heading_font|900||on|||||&#8221; text_text_color=&#8221;#1649FF&#8221; text_font_size=&#8221;23px&#8221; custom_margin=&#8221;8px||5px||false|false&#8221; global_colors_info=&#8221;{}&#8221; header_font_size=&#8221;57px&#8221; sticky_enabled=&#8221;0&#8243; header_3_font=&#8221;Nunito|800|||||||&#8221;]<\/p>\n<h3>Problem Analysis<\/h3>\n<p>[\/et_pb_text][et_pb_text _builder_version=&#8221;4.27.6&#8243; _module_preset=&#8221;default&#8221; hover_enabled=&#8221;0&#8243; global_colors_info=&#8221;{}&#8221; sticky_enabled=&#8221;0&#8243;]<\/p>\n<p>Up to 40% of people experience a mental health issue at some point in their lives \u2014 in Spain and around the world.<\/p>\n<p>While mental wellbeing is a basic human right, public systems are overwhelmed and lack the capacity to provide inclusive, community-based care.<\/p>\n<p>As a result, inclusive mental health support remains out of reach for many \u2014 especially those at risk of social exclusion.<\/p>\n<p>This is especially the case in Catalonia and Spain.<\/p>\n<p>[\/et_pb_text][\/et_pb_column][et_pb_column type=&#8221;1_4&#8243; _builder_version=&#8221;4.27.6&#8243; _module_preset=&#8221;default&#8221; custom_padding=&#8221;20px|20px|20px|20px|true|true&#8221; border_radii=&#8221;on|20px|20px|20px|20px&#8221; box_shadow_style=&#8221;preset2&#8243; box_shadow_horizontal=&#8221;0px&#8221; box_shadow_vertical=&#8221;0px&#8221; box_shadow_blur=&#8221;8px&#8221; global_colors_info=&#8221;{}&#8221;][et_pb_text _builder_version=&#8221;4.27.6&#8243; _module_preset=&#8221;default&#8221; text_font=&#8221;&#8211;et_global_heading_font|900||on|||||&#8221; text_text_color=&#8221;#1649FF&#8221; text_font_size=&#8221;23px&#8221; custom_margin=&#8221;8px||5px||false|false&#8221; global_colors_info=&#8221;{}&#8221; header_font_size=&#8221;57px&#8221; sticky_enabled=&#8221;0&#8243; header_3_font=&#8221;Nunito|800|||||||&#8221; locked=&#8221;off&#8221; hover_enabled=&#8221;0&#8243;]<\/p>\n<h3>Our work<\/h3>\n<p>[\/et_pb_text][et_pb_text _builder_version=&#8221;4.27.6&#8243; _module_preset=&#8221;default&#8221; hover_enabled=&#8221;0&#8243; global_colors_info=&#8221;{}&#8221; text_font_size=&#8221;19px&#8221; text_font=&#8221;&#8211;et_global_heading_font|700||on|||||&#8221; sticky_enabled=&#8221;0&#8243; custom_margin=&#8221;||11px||false|false&#8221;]<\/p>\n<p>Programs<\/p>\n<p>[\/et_pb_text][et_pb_blurb title=&#8221;Psychosocial Support &#038; Mental Health Support&#8221; _builder_version=&#8221;4.27.6&#8243; _module_preset=&#8221;default&#8221; use_icon=&#8221;on&#8221; font_icon=&#8221;&#xf4be;||fa||900&#8243; icon_color=&#8221;#1649FF&#8221; icon_placement=&#8221;left&#8221; hover_enabled=&#8221;0&#8243; sticky_enabled=&#8221;0&#8243; header_font_size=&#8221;17px&#8221; header_font=&#8221;Quicksand||||||||&#8221;][\/et_pb_blurb][et_pb_blurb title=&#8221;Sports &#038; Social Belonging&#8221; _builder_version=&#8221;4.27.6&#8243; _module_preset=&#8221;default&#8221; use_icon=&#8221;on&#8221; font_icon=&#8221;&#xf45f;||fa||900&#8243; icon_color=&#8221;#1649FF&#8221; icon_placement=&#8221;left&#8221; hover_enabled=&#8221;0&#8243; sticky_enabled=&#8221;0&#8243; header_font_size=&#8221;17px&#8221; header_font=&#8221;Quicksand||||||||&#8221;][\/et_pb_blurb][et_pb_blurb title=&#8221;Advocacy &#038; Awareness Raising&#8221; _builder_version=&#8221;4.27.6&#8243; _module_preset=&#8221;default&#8221; use_icon=&#8221;on&#8221; font_icon=&#8221;&#xe066;||divi||400&#8243; icon_color=&#8221;#1649FF&#8221; icon_placement=&#8221;left&#8221; hover_enabled=&#8221;0&#8243; sticky_enabled=&#8221;0&#8243; header_font_size=&#8221;17px&#8221; header_font=&#8221;Quicksand||||||||&#8221;][\/et_pb_blurb][et_pb_text _builder_version=&#8221;4.27.6&#8243; _module_preset=&#8221;default&#8221; hover_enabled=&#8221;0&#8243; global_colors_info=&#8221;{}&#8221; text_font_size=&#8221;19px&#8221; text_font=&#8221;&#8211;et_global_heading_font|700||on|||||&#8221; sticky_enabled=&#8221;0&#8243; custom_margin=&#8221;||17px||false|false&#8221;]<\/p>\n<p>Input &amp; Resources<\/p>\n<p>[\/et_pb_text][et_pb_blurb title=&#8221;Volunteers &#038; Staff&#8221; _builder_version=&#8221;4.27.6&#8243; _module_preset=&#8221;default&#8221; use_icon=&#8221;on&#8221; font_icon=&#8221;&#xf0a9;||fa||900&#8243; icon_color=&#8221;#1649FF&#8221; icon_placement=&#8221;left&#8221; hover_enabled=&#8221;0&#8243; sticky_enabled=&#8221;0&#8243; header_font_size=&#8221;17px&#8221; header_font=&#8221;Quicksand||||||||&#8221; image_icon_custom_margin=&#8221;-5px||||false|false&#8221;][\/et_pb_blurb][et_pb_blurb title=&#8221;Funding &#038; Donations&#8221; _builder_version=&#8221;4.27.6&#8243; _module_preset=&#8221;default&#8221; use_icon=&#8221;on&#8221; font_icon=&#8221;&#xf0a9;||fa||900&#8243; icon_color=&#8221;#1649FF&#8221; icon_placement=&#8221;left&#8221; hover_enabled=&#8221;0&#8243; sticky_enabled=&#8221;0&#8243; header_font_size=&#8221;17px&#8221; header_font=&#8221;Quicksand||||||||&#8221; image_icon_custom_margin=&#8221;-5px||||false|false&#8221;][\/et_pb_blurb][et_pb_blurb title=&#8221;Collaborations&#8221; _builder_version=&#8221;4.27.6&#8243; _module_preset=&#8221;default&#8221; use_icon=&#8221;on&#8221; font_icon=&#8221;&#xf0a9;||fa||900&#8243; icon_color=&#8221;#1649FF&#8221; icon_placement=&#8221;left&#8221; hover_enabled=&#8221;0&#8243; sticky_enabled=&#8221;0&#8243; header_font_size=&#8221;17px&#8221; header_font=&#8221;Quicksand||||||||&#8221; image_icon_custom_margin=&#8221;-5px||||false|false&#8221;][\/et_pb_blurb][et_pb_blurb title=&#8221;Training&#8221; _builder_version=&#8221;4.27.6&#8243; _module_preset=&#8221;default&#8221; use_icon=&#8221;on&#8221; font_icon=&#8221;&#xf0a9;||fa||900&#8243; icon_color=&#8221;#1649FF&#8221; icon_placement=&#8221;left&#8221; hover_enabled=&#8221;0&#8243; sticky_enabled=&#8221;0&#8243; header_font_size=&#8221;17px&#8221; header_font=&#8221;Quicksand||||||||&#8221; image_icon_custom_margin=&#8221;-5px||||false|false&#8221;][\/et_pb_blurb][et_pb_blurb title=&#8221;Events&#8221; _builder_version=&#8221;4.27.6&#8243; _module_preset=&#8221;default&#8221; use_icon=&#8221;on&#8221; font_icon=&#8221;&#xf0a9;||fa||900&#8243; icon_color=&#8221;#1649FF&#8221; icon_placement=&#8221;left&#8221; hover_enabled=&#8221;0&#8243; sticky_enabled=&#8221;0&#8243; header_font_size=&#8221;17px&#8221; header_font=&#8221;Quicksand||||||||&#8221; image_icon_custom_margin=&#8221;-5px||||false|false&#8221;][\/et_pb_blurb][et_pb_blurb title=&#8221;Digital Tools&#8221; _builder_version=&#8221;4.27.6&#8243; _module_preset=&#8221;default&#8221; use_icon=&#8221;on&#8221; font_icon=&#8221;&#xf0a9;||fa||900&#8243; icon_color=&#8221;#1649FF&#8221; icon_placement=&#8221;left&#8221; hover_enabled=&#8221;0&#8243; sticky_enabled=&#8221;0&#8243; header_font_size=&#8221;17px&#8221; header_font=&#8221;Quicksand||||||||&#8221; image_icon_custom_margin=&#8221;-5px||||false|false&#8221;][\/et_pb_blurb][et_pb_blurb title=&#8221;Ambassadors&#8221; _builder_version=&#8221;4.27.6&#8243; _module_preset=&#8221;default&#8221; use_icon=&#8221;on&#8221; font_icon=&#8221;&#xf0a9;||fa||900&#8243; icon_color=&#8221;#1649FF&#8221; icon_placement=&#8221;left&#8221; hover_enabled=&#8221;0&#8243; sticky_enabled=&#8221;0&#8243; header_font_size=&#8221;17px&#8221; header_font=&#8221;Quicksand||||||||&#8221; image_icon_custom_margin=&#8221;-5px||||false|false&#8221;][\/et_pb_blurb][et_pb_blurb title=&#8221;Members&#8221; _builder_version=&#8221;4.27.6&#8243; _module_preset=&#8221;default&#8221; use_icon=&#8221;on&#8221; font_icon=&#8221;&#xf0a9;||fa||900&#8243; icon_color=&#8221;#1649FF&#8221; icon_placement=&#8221;left&#8221; hover_enabled=&#8221;0&#8243; sticky_enabled=&#8221;0&#8243; header_font_size=&#8221;17px&#8221; header_font=&#8221;Quicksand||||||||&#8221; image_icon_custom_margin=&#8221;-5px||||false|false&#8221;][\/et_pb_blurb][\/et_pb_column][et_pb_column type=&#8221;1_4&#8243; _builder_version=&#8221;4.27.6&#8243; _module_preset=&#8221;default&#8221; custom_padding=&#8221;20px|20px|20px|20px|true|true&#8221; border_radii=&#8221;on|20px|20px|20px|20px&#8221; box_shadow_style=&#8221;preset2&#8243; box_shadow_horizontal=&#8221;0px&#8221; box_shadow_vertical=&#8221;0px&#8221; box_shadow_blur=&#8221;8px&#8221; global_colors_info=&#8221;{}&#8221;][et_pb_text _builder_version=&#8221;4.27.6&#8243; _module_preset=&#8221;default&#8221; text_font=&#8221;&#8211;et_global_heading_font|900||on|||||&#8221; text_text_color=&#8221;#1649FF&#8221; text_font_size=&#8221;23px&#8221; custom_margin=&#8221;8px||10px||false|false&#8221; global_colors_info=&#8221;{}&#8221; header_font_size=&#8221;57px&#8221; sticky_enabled=&#8221;0&#8243; header_3_font=&#8221;Nunito|800|||||||&#8221; locked=&#8221;off&#8221; hover_enabled=&#8221;0&#8243;]<\/p>\n<h3>The outcomes<\/h3>\n<p>[\/et_pb_text][et_pb_icon _builder_version=&#8221;4.27.6&#8243; _module_preset=&#8221;default&#8221; font_icon=&#8221;&#xf140;||fa||900&#8243; icon_color=&#8221;#1649FF&#8221; align=&#8221;left&#8221; icon_width=&#8221;30px&#8221; custom_margin=&#8221;||1px||false|false&#8221; hover_enabled=&#8221;0&#8243; sticky_enabled=&#8221;0&#8243;][\/et_pb_icon][et_pb_text _builder_version=&#8221;4.27.6&#8243; _module_preset=&#8221;default&#8221; hover_enabled=&#8221;0&#8243; global_colors_info=&#8221;{}&#8221; text_font_size=&#8221;19px&#8221; text_font=&#8221;&#8211;et_global_heading_font|700||on|||||&#8221; sticky_enabled=&#8221;0&#8243; custom_margin=&#8221;||11px||false|false&#8221;]<\/p>\n<p>Short-term outcomes<\/p>\n<p>[\/et_pb_text][et_pb_text _builder_version=&#8221;4.27.6&#8243; _module_preset=&#8221;default&#8221; global_colors_info=&#8221;{}&#8221;]<\/p>\n<ul>\n<li class=\"whitespace-normal break-words pl-2\">Increased access to culturally-sensitive mental health care<\/li>\n<li class=\"whitespace-normal break-words pl-2\">Enhanced mental health literacy and awareness<\/li>\n<li class=\"whitespace-normal break-words pl-2\">Reduced stigma and discrimination<\/li>\n<li class=\"whitespace-normal break-words pl-2\">Strengthened social connections and community belonging<\/li>\n<\/ul>\n<p>[\/et_pb_text][et_pb_icon _builder_version=&#8221;4.27.6&#8243; _module_preset=&#8221;default&#8221; font_icon=&#8221;&#xf140;||fa||900&#8243; icon_color=&#8221;#1649FF&#8221; align=&#8221;left&#8221; icon_width=&#8221;30px&#8221; custom_margin=&#8221;||1px||false|false&#8221; hover_enabled=&#8221;0&#8243; sticky_enabled=&#8221;0&#8243;][\/et_pb_icon][et_pb_text _builder_version=&#8221;4.27.6&#8243; _module_preset=&#8221;default&#8221; hover_enabled=&#8221;0&#8243; global_colors_info=&#8221;{}&#8221; text_font_size=&#8221;19px&#8221; text_font=&#8221;&#8211;et_global_heading_font|700||on|||||&#8221; sticky_enabled=&#8221;0&#8243; custom_margin=&#8221;||11px||false|false&#8221;]<\/p>\n<p>long-term outcomes<\/p>\n<p>[\/et_pb_text][et_pb_text _builder_version=&#8221;4.27.6&#8243; _module_preset=&#8221;default&#8221; global_colors_info=&#8221;{}&#8221;]<\/p>\n<ul>\n<li class=\"whitespace-normal break-words pl-2\">Improved mental health and wellbeing for participants<\/li>\n<li class=\"whitespace-normal break-words pl-2\">Increased social and economic integration<\/li>\n<li class=\"whitespace-normal break-words pl-2\">Reduced mental health disparities<\/li>\n<li class=\"whitespace-normal break-words pl-2\">Sustainable community-led support systems<\/li>\n<\/ul>\n<p>[\/et_pb_text][\/et_pb_column][et_pb_column type=&#8221;1_4&#8243; _builder_version=&#8221;4.27.6&#8243; _module_preset=&#8221;default&#8221; custom_padding=&#8221;20px|20px|20px|20px|true|true&#8221; border_radii=&#8221;on|20px|20px|20px|20px&#8221; box_shadow_style=&#8221;preset2&#8243; box_shadow_horizontal=&#8221;0px&#8221; box_shadow_vertical=&#8221;0px&#8221; box_shadow_blur=&#8221;8px&#8221; global_colors_info=&#8221;{}&#8221;][et_pb_text _builder_version=&#8221;4.27.6&#8243; _module_preset=&#8221;default&#8221; text_font=&#8221;&#8211;et_global_heading_font|900||on|||||&#8221; text_text_color=&#8221;#1649FF&#8221; text_font_size=&#8221;23px&#8221; custom_margin=&#8221;8px||5px||false|false&#8221; global_colors_info=&#8221;{}&#8221; header_font_size=&#8221;57px&#8221; sticky_enabled=&#8221;0&#8243; header_3_font=&#8221;Nunito|800|||||||&#8221; locked=&#8221;off&#8221; hover_enabled=&#8221;0&#8243;]<\/p>\n<h3>Desired impact<\/h3>\n<p>[\/et_pb_text][et_pb_text _builder_version=&#8221;4.27.6&#8243; _module_preset=&#8221;default&#8221; hover_enabled=&#8221;0&#8243; global_colors_info=&#8221;{}&#8221; text_font_size=&#8221;28px&#8221; text_font=&#8221;&#8211;et_global_heading_font|900||on|||||&#8221; sticky_enabled=&#8221;0&#8243; custom_margin=&#8221;-7px||0px||false|false&#8221;]<\/p>\n<p>1<\/p>\n<p>[\/et_pb_text][et_pb_text _builder_version=&#8221;4.27.6&#8243; _module_preset=&#8221;default&#8221; global_colors_info=&#8221;{}&#8221; custom_padding=&#8221;||13px|||&#8221;]<\/p>\n<p>Equitable access to high-quality mental health care for all individuals in Barcelona, Catalonia, Spain and beyond.<\/p>\n<p>[\/et_pb_text][et_pb_text _builder_version=&#8221;4.27.6&#8243; _module_preset=&#8221;default&#8221; hover_enabled=&#8221;0&#8243; global_colors_info=&#8221;{}&#8221; text_font_size=&#8221;28px&#8221; text_font=&#8221;&#8211;et_global_heading_font|900||on|||||&#8221; sticky_enabled=&#8221;0&#8243;]<\/p>\n<p>2<\/p>\n<p>[\/et_pb_text][et_pb_text _builder_version=&#8221;4.27.6&#8243; _module_preset=&#8221;default&#8221; global_colors_info=&#8221;{}&#8221; custom_padding=&#8221;||13px|||&#8221;]<\/p>\n<p>A society where integration and inclusion is prioritised and social isolation is alleviated.<\/p>\n<p>[\/et_pb_text][et_pb_text _builder_version=&#8221;4.27.6&#8243; _module_preset=&#8221;default&#8221; hover_enabled=&#8221;0&#8243; global_colors_info=&#8221;{}&#8221; text_font_size=&#8221;28px&#8221; text_font=&#8221;&#8211;et_global_heading_font|900||on|||||&#8221; sticky_enabled=&#8221;0&#8243;]<\/p>\n<p>3<\/p>\n<p>[\/et_pb_text][et_pb_text _builder_version=&#8221;4.27.6&#8243; _module_preset=&#8221;default&#8221; global_colors_info=&#8221;{}&#8221; custom_padding=&#8221;||13px|||&#8221;]<\/p>\n<p>Increased access to social and economic opportunities for marginalized communities<\/p>\n<p>[\/et_pb_text][et_pb_text _builder_version=&#8221;4.27.6&#8243; _module_preset=&#8221;default&#8221; hover_enabled=&#8221;0&#8243; global_colors_info=&#8221;{}&#8221; text_font_size=&#8221;28px&#8221; text_font=&#8221;&#8211;et_global_heading_font|900||on|||||&#8221; sticky_enabled=&#8221;0&#8243;]<\/p>\n<p>4<\/p>\n<p>[\/et_pb_text][et_pb_text _builder_version=&#8221;4.27.6&#8243; _module_preset=&#8221;default&#8221; global_colors_info=&#8221;{}&#8221; custom_padding=&#8221;||13px|||&#8221;]<\/p>\n<p>Reduced mental health stigma and normalized help-seeking behaviour.<\/p>\n<p>[\/et_pb_text][\/et_pb_column][\/et_pb_row][\/et_pb_section][et_pb_section fb_built=&#8221;1&#8243; _builder_version=&#8221;4.27.6&#8243; _module_preset=&#8221;default&#8221; background_color=&#8221;RGBA(22,73,255,0.04)&#8221; custom_margin=&#8221;||||false|false&#8221; top_divider_style=&#8221;wave2&#8243; top_divider_color=&#8221;#FFFFFF&#8221; locked=&#8221;off&#8221; global_colors_info=&#8221;{}&#8221;][et_pb_row column_structure=&#8221;3_4,1_4&#8243; make_equal=&#8221;on&#8221; _builder_version=&#8221;4.27.0&#8243; _module_preset=&#8221;default&#8221; custom_css_main_element=&#8221;align-items: center;&#8221; global_module=&#8221;271043&#8243; global_colors_info=&#8221;{}&#8221;][et_pb_column type=&#8221;3_4&#8243; _builder_version=&#8221;4.27.0&#8243; _module_preset=&#8221;default&#8221; global_colors_info=&#8221;{}&#8221;][et_pb_text _builder_version=&#8221;4.27.4&#8243; _module_preset=&#8221;default&#8221; custom_margin=&#8221;||7px|||&#8221; global_colors_info=&#8221;{}&#8221;]<\/p>\n<h6>Stay up to date<\/h6>\n<h2>Follow and subscribe<\/h2>\n<p>Stay up to date on our work, our awareness raising and advocacy efforts, our latest publications and of course, all our (sports) events by giving us a follow on social media or subscribing to our newsletter.<\/p>\n<p>[\/et_pb_text][\/et_pb_column][et_pb_column type=&#8221;1_4&#8243; _builder_version=&#8221;4.27.0&#8243; _module_preset=&#8221;default&#8221; global_colors_info=&#8221;{}&#8221;][et_pb_button button_url=&#8221;https:\/\/iguality.fillout.com\/subscribe&#8221; url_new_window=&#8221;on&#8221; button_text=&#8221;Subscribe now&#8221; _builder_version=&#8221;4.27.4&#8243; _module_preset=&#8221;default&#8221; custom_margin=&#8221;||20px||false|false&#8221; custom_padding=&#8221;||||false|false&#8221; locked=&#8221;off&#8221; global_colors_info=&#8221;{}&#8221;][\/et_pb_button][et_pb_social_media_follow _builder_version=&#8221;4.27.4&#8243; _module_preset=&#8221;default&#8221; text_orientation=&#8221;left&#8221; custom_margin=&#8221;||1px|1px|false|false&#8221; custom_padding=&#8221;||3px||false|false&#8221; text_orientation_tablet=&#8221;&#8221; text_orientation_phone=&#8221;&#8221; text_orientation_last_edited=&#8221;on|phone&#8221; custom_css_social_icon=&#8221;margin-left: 5px!important;&#8221; locked=&#8221;off&#8221; global_colors_info=&#8221;{}&#8221; transform_styles__hover_enabled=&#8221;on|hover&#8221; transform_scale__hover_enabled=&#8221;on|hover&#8221; transform_translate__hover_enabled=&#8221;on|desktop&#8221; transform_rotate__hover_enabled=&#8221;on|desktop&#8221; transform_skew__hover_enabled=&#8221;on|desktop&#8221; transform_origin__hover_enabled=&#8221;on|desktop&#8221; transform_scale__hover=&#8221;102%|102%&#8221;][et_pb_social_media_follow_network social_network=&#8221;linkedin&#8221; url=&#8221;https:\/\/www.linkedin.com\/company\/igualitybcn&#8221; _builder_version=&#8221;4.21.0&#8243; _module_preset=&#8221;default&#8221; background_color=&#8221;#1649FF&#8221; background_enable_color=&#8221;on&#8221; border_radii=&#8221;on|30px|30px|30px|30px&#8221; global_colors_info=&#8221;{}&#8221; follow_button=&#8221;off&#8221; url_new_window=&#8221;on&#8221;]linkedin[\/et_pb_social_media_follow_network][et_pb_social_media_follow_network social_network=&#8221;twitter&#8221; url=&#8221;https:\/\/twitter.com\/igualitybcn&#8221; _builder_version=&#8221;4.21.0&#8243; _module_preset=&#8221;default&#8221; background_color=&#8221;#1649FF&#8221; background_enable_color=&#8221;on&#8221; border_radii=&#8221;on|30px|30px|30px|30px&#8221; global_colors_info=&#8221;{}&#8221; follow_button=&#8221;off&#8221; url_new_window=&#8221;on&#8221;]twitter[\/et_pb_social_media_follow_network][et_pb_social_media_follow_network social_network=&#8221;instagram&#8221; url=&#8221;https:\/\/www.instagram.com\/igualitybcn&#8221; _builder_version=&#8221;4.21.0&#8243; _module_preset=&#8221;default&#8221; background_color=&#8221;#1649FF&#8221; background_enable_color=&#8221;on&#8221; border_radii=&#8221;on|30px|30px|30px|30px&#8221; global_colors_info=&#8221;{}&#8221; follow_button=&#8221;off&#8221; url_new_window=&#8221;on&#8221;]instagram[\/et_pb_social_media_follow_network][et_pb_social_media_follow_network social_network=&#8221;youtube&#8221; url=&#8221;https:\/\/www.youtube.com\/@igualitybcn&#8221; icon_color=&#8221;#FFFFFF&#8221; _builder_version=&#8221;4.21.0&#8243; _module_preset=&#8221;default&#8221; background_color=&#8221;#1649FF&#8221; background_enable_color=&#8221;on&#8221; border_radii=&#8221;on|30px|30px|30px|30px&#8221; global_colors_info=&#8221;{}&#8221; follow_button=&#8221;off&#8221; url_new_window=&#8221;on&#8221;]youtube[\/et_pb_social_media_follow_network][et_pb_social_media_follow_network social_network=&#8221;facebook&#8221; url=&#8221;https:\/\/www.facebook.com\/people\/Iguality\/100094847003872\/&#8221; icon_color=&#8221;#FFFFFF&#8221; _builder_version=&#8221;4.21.0&#8243; _module_preset=&#8221;default&#8221; background_color=&#8221;#1649FF&#8221; background_enable_color=&#8221;on&#8221; border_radii=&#8221;on|30px|30px|30px|30px&#8221; global_colors_info=&#8221;{}&#8221; follow_button=&#8221;off&#8221; url_new_window=&#8221;on&#8221;]facebook[\/et_pb_social_media_follow_network][\/et_pb_social_media_follow][\/et_pb_column][\/et_pb_row][\/et_pb_section]<\/p>\n","protected":false},"excerpt":{"rendered":"<p>Iguality trabaja para que la atenci\u00f3n a la salud mental sea accesible a todos en Barcelona. A trav\u00e9s del apoyo psicosocial gratuito, el deporte y la promoci\u00f3n, reducimos el estigma y fomentamos la inclusi\u00f3n. Nuestra Teor\u00eda del Cambio impulsa nuestra misi\u00f3n: una sociedad en la que el bienestar mental sea un derecho, no un privilegio.<\/p>","protected":false},"author":3,"featured_media":274754,"parent":268028,"menu_order":0,"comment_status":"closed","ping_status":"closed","template":"","meta":{"_acf_changed":false,"_et_pb_use_builder":"on","_et_pb_old_content":"","_et_gb_content_width":"","footnotes":""},"class_list":["post-279223","page","type-page","status-publish","has-post-thumbnail","hentry"],"acf":[],"aioseo_notices":[],"_links":{"self":[{"href":"https:\/\/iguality.org\/es\/wp-json\/wp\/v2\/pages\/279223","targetHints":{"allow":["GET"]}}],"collection":[{"href":"https:\/\/iguality.org\/es\/wp-json\/wp\/v2\/pages"}],"about":[{"href":"https:\/\/iguality.org\/es\/wp-json\/wp\/v2\/types\/page"}],"author":[{"embeddable":true,"href":"https:\/\/iguality.org\/es\/wp-json\/wp\/v2\/users\/3"}],"replies":[{"embeddable":true,"href":"https:\/\/iguality.org\/es\/wp-json\/wp\/v2\/comments?post=279223"}],"version-history":[{"count":12,"href":"https:\/\/iguality.org\/es\/wp-json\/wp\/v2\/pages\/279223\/revisions"}],"predecessor-version":[{"id":280643,"href":"https:\/\/iguality.org\/es\/wp-json\/wp\/v2\/pages\/279223\/revisions\/280643"}],"up":[{"embeddable":true,"href":"https:\/\/iguality.org\/es\/wp-json\/wp\/v2\/pages\/268028"}],"wp:featuredmedia":[{"embeddable":true,"href":"https:\/\/iguality.org\/es\/wp-json\/wp\/v2\/media\/274754"}],"wp:attachment":[{"href":"https:\/\/iguality.org\/es\/wp-json\/wp\/v2\/media?parent=279223"}],"curies":[{"name":"Gracias","href":"https:\/\/api.w.org\/{rel}","templated":true}]}}