{"id":268338,"date":"2024-08-04T01:11:09","date_gmt":"2024-08-04T01:11:09","guid":{"rendered":"https:\/\/iguality.org\/?page_id=268338"},"modified":"2026-02-20T13:23:48","modified_gmt":"2026-02-20T13:23:48","slug":"el-equipo","status":"publish","type":"page","link":"https:\/\/iguality.org\/es\/about\/the-team\/","title":{"rendered":"Nuestro equipo"},"content":{"rendered":"<p>[et_pb_section fb_built=&#8221;1&#8243; module_id=&#8221;next&#8221; _builder_version=&#8221;4.27.4&#8243; _module_preset=&#8221;default&#8221; locked=&#8221;off&#8221; global_colors_info=&#8221;{}&#8221;][et_pb_row make_equal=&#8221;on&#8221; _builder_version=&#8221;4.27.4&#8243; _module_preset=&#8221;default&#8221; custom_padding=&#8221;||||false|false&#8221; custom_css_main_element=&#8221;align-items: center;&#8221; locked=&#8221;off&#8221; global_colors_info=&#8221;{}&#8221;][et_pb_column type=&#8221;4_4&#8243; _builder_version=&#8221;4.27.0&#8243; _module_preset=&#8221;default&#8221; global_colors_info=&#8221;{}&#8221;][et_pb_text _builder_version=&#8221;4.27.4&#8243; _module_preset=&#8221;default&#8221; header_2_text_align=&#8221;left&#8221; width=&#8221;80%&#8221; width_tablet=&#8221;auto&#8221; width_phone=&#8221;auto&#8221; width_last_edited=&#8221;on|phone&#8221; module_alignment=&#8221;left&#8221; custom_margin=&#8221;|5%|20px|5%|false|false&#8221; global_colors_info=&#8221;{}&#8221;]<\/p>\n<h6>Core team<\/h6>\n<h2>Main Coordination<\/h2>\n<p>Our Coordination team is dedicated to making a meaningful social impact through compassionate and community-driven work. They ensure our mental health and care initiatives are effectively delivered, supporting our community with empathy and expertise while also running things on the background.<\/p>\n<p>[\/et_pb_text][dpdfg_filtergrid custom_query=&#8221;advanced&#8221; multiple_cpt=&#8221;team-member,post&#8221; use_taxonomy_terms=&#8221;on&#8221; taxonomies_relation=&#8221;AND&#8221; include_terms=&#8221;177,180&#8243; thumbnail_action=&#8221;none&#8221; thumbnail_size=&#8221;dfg_full&#8221; show_author=&#8221;off&#8221; show_content=&#8221;on&#8221; truncate_content=&#8221;500&#8243; show_custom_fields=&#8221;on&#8221; custom_fields=&#8221;%91{%22name%22:%22aero_Position%22,%22label%22:%22%22}%93&#8243; show_filters=&#8221;off&#8221; show_pagination=&#8221;off&#8221; primary_view=&#8221;%91{%22name%22:%22thumbnail%22,%22show%22:%22on%22},{%22name%22:%22overlay%22,%22show%22:%22on%22},{%22name%22:%22title%22,%22show%22:%22off%22},{%22name%22:%22custom_content%22,%22show%22:%22off%22},{%22name%22:%22meta%22,%22show%22:%22off%22},{%22name%22:%22ext%22,%22show%22:%22off%22},{%22name%22:%22content%22,%22show%22:%22off%22},{%22name%22:%22action_button%22,%22show%22:%22off%22},{%22name%22:%22read_more_button%22,%22show%22:%22off%22}%93&#8243; use_overlay_icon=&#8221;off&#8221; bg_search=&#8221;#FFFFFF&#8221; bg_items=&#8221;RGBA(255,255,255,0)&#8221; bg_pagination=&#8221;RGBA(255,255,255,0)&#8221; _builder_version=&#8221;4.27.5&#8243; _module_preset=&#8221;default&#8221; dpdfg_entry_title_level=&#8221;h3&#8243; dpdfg_entry_title_font=&#8221;Nunito|800|||||||&#8221; dpdfg_entry_cf_value_font=&#8221;|800||||on|||&#8221; dpdfg_entry_cf_value_text_color=&#8221;#1649FF&#8221; dpdfg_entry_cf_value_font_size=&#8221;21px&#8221; background_color=&#8221;RGBA(255,255,255,0)&#8221; hover_enabled=&#8221;0&#8243; custom_css_main_element=&#8221;margin-left: -5px!Important;||pointer-events: none;&#8221; custom_css_entry-thumb=&#8221;width: 50%;||margin: 10px;||border-radius: 200px;||box-shadow: 0px 1px 4px 3px rgba(0, 0, 0, 0.1);||||&#8221; custom_css_entry-header=&#8221;margin-top: 10px;&#8221; custom_css_entry-meta=&#8221;margin-bottom: -30px!important;||&#8221; custom_css_entry-summary=&#8221;margin-top: -5px!important;||&#8221; border_width_all=&#8221;0px&#8221; global_colors_info=&#8221;{}&#8221; items_width=&#8221;30%&#8221; sticky_enabled=&#8221;0&#8243;][\/dpdfg_filtergrid][\/et_pb_column][\/et_pb_row][\/et_pb_section][et_pb_section fb_built=&#8221;1&#8243; module_id=&#8221;volunteer-therapists&#8221; _builder_version=&#8221;4.27.4&#8243; _module_preset=&#8221;default&#8221; background_enable_color=&#8221;off&#8221; locked=&#8221;off&#8221; global_colors_info=&#8221;{}&#8221;][et_pb_row make_equal=&#8221;on&#8221; _builder_version=&#8221;4.27.4&#8243; _module_preset=&#8221;default&#8221; custom_padding=&#8221;||11px|||&#8221; custom_css_main_element=&#8221;align-items: center;&#8221; locked=&#8221;off&#8221; global_colors_info=&#8221;{}&#8221;][et_pb_column type=&#8221;4_4&#8243; _builder_version=&#8221;4.27.0&#8243; _module_preset=&#8221;default&#8221; global_colors_info=&#8221;{}&#8221;][et_pb_text _builder_version=&#8221;4.27.4&#8243; _module_preset=&#8221;default&#8221; header_2_text_align=&#8221;center&#8221; header_6_text_align=&#8221;center&#8221; text_orientation=&#8221;center&#8221; width=&#8221;80%&#8221; width_tablet=&#8221;auto&#8221; width_phone=&#8221;auto&#8221; width_last_edited=&#8221;on|phone&#8221; module_alignment=&#8221;center&#8221; custom_margin=&#8221;|5%|8px|5%|false|false&#8221; global_colors_info=&#8221;{}&#8221;]<\/p>\n<h6>the driving force<\/h6>\n<h2>The volunteers<\/h2>\n<p>We deliver mental health care, sports activities and advocacy thanks to an outstanding team of volunteers who dedicate their time and skills in psychology, sports, and other areas to make our impact possible.<\/p>\n<p>[\/et_pb_text][dpdfg_filtergrid custom_query=&#8221;advanced&#8221; multiple_cpt=&#8221;team-member,post&#8221; use_taxonomy_terms=&#8221;on&#8221; include_terms=&#8221;177,182,183,184,185&#8243; post_number=&#8221;100&#8243; orderby=&#8221;rand&#8221; thumbnail_action=&#8221;none&#8221; thumbnail_size=&#8221;dfg_full&#8221; show_author=&#8221;off&#8221; show_custom_fields=&#8221;on&#8221; custom_fields=&#8221;%91{%22name%22:%22aero_Position%22,%22label%22:%22%22}%93&#8243; filter_terms=&#8221;185,184,182,183&#8243; all_text=&#8221;All volunteers&#8221; show_pagination=&#8221;off&#8221; filters_width=&#8221;5&#8243; items_width=&#8221;18%&#8221; primary_view=&#8221;%91{%22name%22:%22thumbnail%22,%22show%22:%22on%22},{%22name%22:%22overlay%22,%22show%22:%22on%22},{%22name%22:%22title%22,%22show%22:%22off%22},{%22name%22:%22custom_content%22,%22show%22:%22off%22},{%22name%22:%22meta%22,%22show%22:%22off%22},{%22name%22:%22ext%22,%22show%22:%22off%22},{%22name%22:%22content%22,%22show%22:%22off%22},{%22name%22:%22action_button%22,%22show%22:%22off%22},{%22name%22:%22read_more_button%22,%22show%22:%22off%22}%93&#8243; use_overlay_icon=&#8221;off&#8221; show_search=&#8221;on&#8221; search_placeholder=&#8221;Search for a volunteer&#8221; bg_search=&#8221;#FFFFFF&#8221; bg_items=&#8221;RGBA(255,255,255,0)&#8221; bg_pagination=&#8221;RGBA(255,255,255,0)&#8221; _builder_version=&#8221;4.27.4&#8243; _module_preset=&#8221;default&#8221; dpdfg_entry_title_level=&#8221;h3&#8243; dpdfg_entry_title_font=&#8221;Nunito|800||||on|||&#8221; dpdfg_entry_title_text_align=&#8221;center&#8221; dpdfg_entry_cf_value_font=&#8221;|800||||on|||&#8221; dpdfg_entry_cf_value_text_color=&#8221;#1649FF&#8221; dpdfg_entry_cf_value_font_size=&#8221;21px&#8221; dpdfg_entry_cf_value_line_height=&#8221;1.2em&#8221; dpdfg_entry_custom_text_align=&#8221;center&#8221; dpdfg_filters_text_color=&#8221;#1649FF&#8221; background_color=&#8221;RGBA(255,255,255,0)&#8221; custom_margin=&#8221;26px||||false|false&#8221; custom_css_main_element=&#8221;margin-left: -5px!Important;&#8221; custom_css_dp-dfg-search-input=&#8221;width: 210px;||&#8221; custom_css_dp-dfg-items=&#8221;pointer-events: none;&#8221; custom_css_entry-thumb-container=&#8221;pointer-events: none;||  display: flex;||  justify-content: center;&#8221; custom_css_entry-thumb=&#8221;width: 50%;||margin: 10px;||border-radius: 200px;||box-shadow: 0px 1px 4px 3px rgba(0, 0, 0, 0.1);||pointer-events: none;||&#8221; custom_css_entry-header=&#8221;margin-top: 10px;&#8221; custom_css_entry-meta=&#8221;margin-bottom: -30px!important;||&#8221; custom_css_entry-summary=&#8221;margin-top: -5px!important;||&#8221; border_width_all=&#8221;0px&#8221; locked=&#8221;off&#8221; global_colors_info=&#8221;{}&#8221;][\/dpdfg_filtergrid][\/et_pb_column][\/et_pb_row][\/et_pb_section][et_pb_section fb_built=&#8221;1&#8243; prev_background_color=&#8221;#ffffff&#8221; next_background_color=&#8221;#ffffff&#8221; _builder_version=&#8221;4.27.4&#8243; _module_preset=&#8221;default&#8221; background_color=&#8221;RGBA(22,73,255,0.04)&#8221; custom_padding=&#8221;75px||75px||true|false&#8221; top_divider_style=&#8221;wave2&#8243; top_divider_height=&#8221;75px&#8221; bottom_divider_style=&#8221;wave2&#8243; bottom_divider_height=&#8221;75px&#8221; locked=&#8221;off&#8221; global_colors_info=&#8221;{}&#8221;][et_pb_row make_equal=&#8221;on&#8221; _builder_version=&#8221;4.27.4&#8243; _module_preset=&#8221;default&#8221; custom_padding=&#8221;||18px||false|false&#8221; custom_css_main_element=&#8221;align-items: center;&#8221; locked=&#8221;off&#8221; global_colors_info=&#8221;{}&#8221;][et_pb_column type=&#8221;4_4&#8243; _builder_version=&#8221;4.27.0&#8243; _module_preset=&#8221;default&#8221; global_colors_info=&#8221;{}&#8221;][et_pb_text _builder_version=&#8221;4.27.4&#8243; _module_preset=&#8221;default&#8221; header_2_text_align=&#8221;center&#8221; header_6_text_align=&#8221;center&#8221; text_orientation=&#8221;center&#8221; width=&#8221;80%&#8221; width_tablet=&#8221;auto&#8221; width_phone=&#8221;auto&#8221; width_last_edited=&#8221;on|phone&#8221; module_alignment=&#8221;center&#8221; custom_margin=&#8221;|5%|18px|5%|false|false&#8221; global_colors_info=&#8221;{}&#8221;]<\/p>\n<h6>Internships<\/h6>\n<h2>Current and previous interns<\/h2>\n<p>We aim to offer meaningful and impactful internship and traineeship experiences for students in psychology, communications, and sociology. Take a look at those who have already joined us at Iguality!<\/p>\n<p>[\/et_pb_text][dpdfg_filtergrid custom_query=&#8221;advanced&#8221; multiple_cpt=&#8221;team-member,post&#8221; use_taxonomy_terms=&#8221;on&#8221; include_terms=&#8221;177,186&#8243; post_number=&#8221;100&#8243; orderby=&#8221;rand&#8221; thumbnail_action=&#8221;none&#8221; thumbnail_size=&#8221;dfg_full&#8221; show_author=&#8221;off&#8221; show_custom_fields=&#8221;on&#8221; custom_fields=&#8221;%91{%22name%22:%22aero_Position%22,%22label%22:%22%22}%93&#8243; show_filters=&#8221;off&#8221; all_text=&#8221;All volunteers&#8221; show_pagination=&#8221;off&#8221; items_width=&#8221;22%&#8221; primary_view=&#8221;%91{%22name%22:%22thumbnail%22,%22show%22:%22on%22},{%22name%22:%22overlay%22,%22show%22:%22on%22},{%22name%22:%22title%22,%22show%22:%22off%22},{%22name%22:%22custom_content%22,%22show%22:%22off%22},{%22name%22:%22meta%22,%22show%22:%22off%22},{%22name%22:%22ext%22,%22show%22:%22off%22},{%22name%22:%22content%22,%22show%22:%22off%22},{%22name%22:%22action_button%22,%22show%22:%22off%22},{%22name%22:%22read_more_button%22,%22show%22:%22off%22}%93&#8243; use_overlay_icon=&#8221;off&#8221; bg_search=&#8221;#FFFFFF&#8221; bg_items=&#8221;RGBA(255,255,255,0)&#8221; bg_pagination=&#8221;RGBA(255,255,255,0)&#8221; _builder_version=&#8221;4.27.4&#8243; _module_preset=&#8221;default&#8221; dpdfg_entry_title_level=&#8221;h3&#8243; dpdfg_entry_title_font=&#8221;Nunito|800|||||||&#8221; dpdfg_entry_title_text_align=&#8221;center&#8221; dpdfg_entry_cf_value_font=&#8221;|800||||on|||&#8221; dpdfg_entry_cf_value_text_color=&#8221;#1649FF&#8221; dpdfg_entry_cf_value_font_size=&#8221;21px&#8221; dpdfg_entry_cf_value_line_height=&#8221;1.2em&#8221; dpdfg_entry_custom_text_align=&#8221;center&#8221; dpdfg_filters_text_color=&#8221;#1649FF&#8221; background_color=&#8221;RGBA(255,255,255,0)&#8221; custom_margin=&#8221;35px||||false|false&#8221; custom_css_main_element=&#8221;margin-left: -5px!Important;&#8221; custom_css_dp-dfg-items=&#8221;pointer-events: none;&#8221; custom_css_entry-thumb-container=&#8221;pointer-events: none;||  display: flex;||  justify-content: center;&#8221; custom_css_entry-thumb=&#8221;width: 50%;||margin: 10px;||border-radius: 200px;||box-shadow: 0px 1px 4px 3px rgba(0, 0, 0, 0.1);||pointer-events: none;||&#8221; custom_css_entry-header=&#8221;margin-top: 10px;&#8221; custom_css_entry-meta=&#8221;margin-bottom: -30px!important;||&#8221; custom_css_entry-summary=&#8221;margin-top: -5px!important;||&#8221; border_width_all=&#8221;0px&#8221; locked=&#8221;off&#8221; global_colors_info=&#8221;{}&#8221;][\/dpdfg_filtergrid][\/et_pb_column][\/et_pb_row][\/et_pb_section][et_pb_section fb_built=&#8221;1&#8243; _builder_version=&#8221;4.27.4&#8243; _module_preset=&#8221;default&#8221; background_enable_color=&#8221;off&#8221; custom_margin=&#8221;||||false|false&#8221; locked=&#8221;off&#8221; global_colors_info=&#8221;{}&#8221;][et_pb_row column_structure=&#8221;3_4,1_4&#8243; make_equal=&#8221;on&#8221; _builder_version=&#8221;4.27.4&#8243; _module_preset=&#8221;default&#8221; custom_padding=&#8221;||14px|||&#8221; custom_css_main_element=&#8221;align-items: center;&#8221; global_colors_info=&#8221;{}&#8221;][et_pb_column type=&#8221;3_4&#8243; _builder_version=&#8221;4.27.0&#8243; _module_preset=&#8221;default&#8221; global_colors_info=&#8221;{}&#8221;][et_pb_text _builder_version=&#8221;4.27.4&#8243; _module_preset=&#8221;default&#8221; custom_margin=&#8221;||20px|||&#8221; global_colors_info=&#8221;{}&#8221;]<\/p>\n<h6>Join our team<\/h6>\n<h2>Volunteer with us<\/h2>\n<p>Do you want to give time to help people in need of mental health care? Discover the different volunteer opportunities at Iguality and join our team!<\/p>\n<p>[\/et_pb_text][\/et_pb_column][et_pb_column type=&#8221;1_4&#8243; _builder_version=&#8221;4.27.0&#8243; _module_preset=&#8221;default&#8221; global_colors_info=&#8221;{}&#8221;][et_pb_button button_url=&#8221;@ET-DC@eyJkeW5hbWljIjp0cnVlLCJjb250ZW50IjoicG9zdF9saW5rX3VybF9wYWdlIiwic2V0dGluZ3MiOnsicG9zdF9pZCI6IjI3MDMxMSJ9fQ==@&#8221; url_new_window=&#8221;on&#8221; button_text=&#8221;Volunteering&#8221; _builder_version=&#8221;4.27.4&#8243; _dynamic_attributes=&#8221;button_url&#8221; _module_preset=&#8221;default&#8221; global_colors_info=&#8221;{}&#8221; button_bg_color__hover_enabled=&#8221;on|hover&#8221; button_bg_color_gradient_stops__hover=&#8221;#0023a2 0%|#1649ff 100%&#8221; button_bg_use_color_gradient__hover=&#8221;on&#8221; button_bg_color__hover=&#8221;#ffffff&#8221;][\/et_pb_button][\/et_pb_column][\/et_pb_row][\/et_pb_section]<\/p>\n","protected":false},"excerpt":{"rendered":"<p>Somos un peque\u00f1o equipo de coordinaci\u00f3n, apoyado por un gran grupo de voluntarios dedicados que hacen posible nuestro impacto. Gracias a ellos, ofrecemos atenci\u00f3n de salud mental gratuita a quienes m\u00e1s la necesitan. Conoce a las personas detr\u00e1s de Iguality a continuaci\u00f3n; aunque con un equipo en crecimiento, \u00a1quiz\u00e1s falten algunas caras!<\/p>","protected":false},"author":3,"featured_media":270964,"parent":268028,"menu_order":0,"comment_status":"closed","ping_status":"closed","template":"","meta":{"_acf_changed":false,"_et_pb_use_builder":"on","_et_pb_old_content":"","_et_gb_content_width":"","footnotes":""},"class_list":["post-268338","page","type-page","status-publish","has-post-thumbnail","hentry"],"acf":[],"aioseo_notices":[],"_links":{"self":[{"href":"https:\/\/iguality.org\/es\/wp-json\/wp\/v2\/pages\/268338","targetHints":{"allow":["GET"]}}],"collection":[{"href":"https:\/\/iguality.org\/es\/wp-json\/wp\/v2\/pages"}],"about":[{"href":"https:\/\/iguality.org\/es\/wp-json\/wp\/v2\/types\/page"}],"author":[{"embeddable":true,"href":"https:\/\/iguality.org\/es\/wp-json\/wp\/v2\/users\/3"}],"replies":[{"embeddable":true,"href":"https:\/\/iguality.org\/es\/wp-json\/wp\/v2\/comments?post=268338"}],"version-history":[{"count":100,"href":"https:\/\/iguality.org\/es\/wp-json\/wp\/v2\/pages\/268338\/revisions"}],"predecessor-version":[{"id":279156,"href":"https:\/\/iguality.org\/es\/wp-json\/wp\/v2\/pages\/268338\/revisions\/279156"}],"up":[{"embeddable":true,"href":"https:\/\/iguality.org\/es\/wp-json\/wp\/v2\/pages\/268028"}],"wp:featuredmedia":[{"embeddable":true,"href":"https:\/\/iguality.org\/es\/wp-json\/wp\/v2\/media\/270964"}],"wp:attachment":[{"href":"https:\/\/iguality.org\/es\/wp-json\/wp\/v2\/media?parent=268338"}],"curies":[{"name":"Gracias","href":"https:\/\/api.w.org\/{rel}","templated":true}]}}