{"id":268414,"date":"2024-08-04T12:33:18","date_gmt":"2024-08-04T12:33:18","guid":{"rendered":"https:\/\/iguality.org\/?page_id=268414"},"modified":"2025-12-23T11:31:12","modified_gmt":"2025-12-23T11:31:12","slug":"terapeuta-voluntari","status":"publish","type":"page","link":"https:\/\/iguality.org\/ca\/act-now\/volunteering\/volunteer-therapist\/","title":{"rendered":"Converteix-te en terapeuta voluntari"},"content":{"rendered":"<p>[et_pb_section fb_built=&#8221;1&#8243; module_id=&#8221;next&#8221; _builder_version=&#8221;4.27.4&#8243; _module_preset=&#8221;default&#8221; background_enable_color=&#8221;off&#8221; locked=&#8221;off&#8221; global_colors_info=&#8221;{}&#8221;][et_pb_row _builder_version=&#8221;4.27.4&#8243; _module_preset=&#8221;default&#8221; custom_padding=&#8221;6px||4px|||&#8221; global_colors_info=&#8221;{}&#8221;][et_pb_column type=&#8221;4_4&#8243; _builder_version=&#8221;4.27.4&#8243; _module_preset=&#8221;default&#8221; global_colors_info=&#8221;{}&#8221;][et_pb_text _builder_version=&#8221;4.27.4&#8243; _module_preset=&#8221;default&#8221; custom_margin=&#8221;||6px|||&#8221; locked=&#8221;off&#8221; global_colors_info=&#8221;{}&#8221;]<\/p>\n<h6>Iguality Volunteering<\/h6>\n<h2>How does it work?<\/h2>\n<p>[\/et_pb_text][\/et_pb_column][\/et_pb_row][et_pb_row column_structure=&#8221;1_3,1_3,1_3&#8243; _builder_version=&#8221;4.27.4&#8243; _module_preset=&#8221;default&#8221; custom_padding=&#8221;6px|||||&#8221; custom_css_main_element=&#8221;align-items: center;&#8221; global_colors_info=&#8221;{}&#8221;][et_pb_column type=&#8221;1_3&#8243; _builder_version=&#8221;4.27.0&#8243; _module_preset=&#8221;default&#8221; global_colors_info=&#8221;{}&#8221;][et_pb_image src=&#8221;https:\/\/iguality.org\/wp-content\/uploads\/airtable\/att0sDVVaY5WRDWSS_19.jpeg&#8221; title_text=&#8221;19&#8243; _builder_version=&#8221;4.27.4&#8243; _module_preset=&#8221;default&#8221; custom_margin=&#8221;||23px||false|false&#8221; global_colors_info=&#8221;{}&#8221;][\/et_pb_image][et_pb_text _builder_version=&#8221;4.27.4&#8243; _module_preset=&#8221;default&#8221; global_colors_info=&#8221;{}&#8221;]<\/p>\n<h3>The therapy<\/h3>\n<p>While the setting <strong>resembles regular therapy<\/strong>\u2014one-to-one sessions using established approaches such as CBT\u2014please note that our work takes <strong>a broader, holistic approach.<\/strong> We focus on social psychology and consider the whole person, <strong>supporting not just mental health but also other aspects of their life.<\/strong> This means you may also address and assist with challenges beyond traditional therapy, <strong>always with our support.<\/strong><\/p>\n<p>[\/et_pb_text][\/et_pb_column][et_pb_column type=&#8221;1_3&#8243; _builder_version=&#8221;4.27.0&#8243; _module_preset=&#8221;default&#8221; global_colors_info=&#8221;{}&#8221;][et_pb_image src=&#8221;https:\/\/iguality.org\/wp-content\/uploads\/airtable\/attAX0rbsw0vIGbmi_11.jpeg&#8221; title_text=&#8221;11&#8243; _builder_version=&#8221;4.27.4&#8243; _module_preset=&#8221;default&#8221; custom_margin=&#8221;||23px||false|false&#8221; global_colors_info=&#8221;{}&#8221;][\/et_pb_image][et_pb_text _builder_version=&#8221;4.27.4&#8243; _module_preset=&#8221;default&#8221; global_colors_info=&#8221;{}&#8221;]<\/p>\n<h3>The sessions<\/h3>\n<p>Once you are connected to the person you will support (<strong>who will be selected in consultation with you<\/strong>), you can have <strong>weekly or bi-weekly sessions.<\/strong> They can happen <strong>online or in-person,<\/strong> depending on preferences. A session will be <strong>between 50 and 120m,<\/strong> depending on the need and your availability. You will need <strong>to log each session,<\/strong> and you can always access your own notes through a safe and secure digital platform.<\/p>\n<p>[\/et_pb_text][\/et_pb_column][et_pb_column type=&#8221;1_3&#8243; _builder_version=&#8221;4.27.0&#8243; _module_preset=&#8221;default&#8221; global_colors_info=&#8221;{}&#8221;][et_pb_image src=&#8221;https:\/\/iguality.org\/wp-content\/uploads\/airtable\/attxQZvY0NvMomrPY_blog-website-covers-33.jpeg&#8221; title_text=&#8221;blog-website-covers-33&#8243; _builder_version=&#8221;4.27.4&#8243; _module_preset=&#8221;default&#8221; custom_margin=&#8221;||23px||false|false&#8221; global_colors_info=&#8221;{}&#8221;][\/et_pb_image][et_pb_text _builder_version=&#8221;4.27.0&#8243; _module_preset=&#8221;default&#8221; global_colors_info=&#8221;{}&#8221;]<\/p>\n<h3>The supervision<\/h3>\n<p>Every month, Iguality organises <strong>a Supervision session for all volunteers<\/strong> that are currently working on a case. We kindly ask you to join this session so we can get <strong>an update on the case<\/strong> and to give you the opportunity to share any doubts or questions. This session happens <strong>online<\/strong> and you can join to just <strong>share your case (20-30m),<\/strong> or stay longer and also <strong>support other volunteer therapists<\/strong> with their cases.<\/p>\n<p>[\/et_pb_text][\/et_pb_column][\/et_pb_row][\/et_pb_section][et_pb_section fb_built=&#8221;1&#8243; prev_background_color=&#8221;#ffffff&#8221; next_background_color=&#8221;#ffffff&#8221; _builder_version=&#8221;4.27.4&#8243; _module_preset=&#8221;default&#8221; background_color=&#8221;RGBA(22,73,255,0.04)&#8221; custom_padding=&#8221;75px||75px||true|false&#8221; top_divider_style=&#8221;wave2&#8243; top_divider_height=&#8221;75px&#8221; bottom_divider_style=&#8221;wave2&#8243; bottom_divider_height=&#8221;75px&#8221; locked=&#8221;off&#8221; global_colors_info=&#8221;{}&#8221;][et_pb_row column_structure=&#8221;1_2,1_2&#8243; make_equal=&#8221;on&#8221; _builder_version=&#8221;4.27.4&#8243; _module_preset=&#8221;default&#8221; custom_css_main_element=&#8221;align-items: center;&#8221; global_colors_info=&#8221;{}&#8221;][et_pb_column type=&#8221;1_2&#8243; _builder_version=&#8221;4.27.0&#8243; _module_preset=&#8221;default&#8221; global_colors_info=&#8221;{}&#8221;][et_pb_text _builder_version=&#8221;4.27.4&#8243; _module_preset=&#8221;default&#8221; custom_margin=&#8221;||14px|||&#8221; locked=&#8221;off&#8221; global_colors_info=&#8221;{}&#8221;]<\/p>\n<h6>Requirements<\/h6>\n<h2>The ideal volunteer profile<\/h2>\n<p>[\/et_pb_text][et_pb_blurb use_icon=&#8221;on&#8221; font_icon=&#8221;&#x5a;||divi||400&#8243; icon_color=&#8221;#1649FF&#8221; icon_placement=&#8221;left&#8221; image_icon_width=&#8221;28px&#8221; _builder_version=&#8221;4.27.4&#8243; _module_preset=&#8221;default&#8221; body_font_size=&#8221;17px&#8221; body_line_height=&#8221;1.9em&#8221; image_icon_custom_margin=&#8221;10px||||false|false&#8221; custom_margin=&#8221;||9px||false|false&#8221; locked=&#8221;off&#8221; global_colors_info=&#8221;{}&#8221;]<\/p>\n<p>A <strong>completed<\/strong> Bachelor&#8217;s or Master\u2019s Degree in <strong>Psychology<\/strong> is required. It can be clinical or social psychology. The country of obtaining the degree doesn\u2019t matter as long as it&#8217;s from a <strong>recognised university.<\/strong>\u00a0<\/p>\n<p>[\/et_pb_blurb][et_pb_blurb use_icon=&#8221;on&#8221; font_icon=&#8221;&#x5a;||divi||400&#8243; icon_color=&#8221;#1649FF&#8221; icon_placement=&#8221;left&#8221; image_icon_width=&#8221;28px&#8221; _builder_version=&#8221;4.27.4&#8243; _module_preset=&#8221;default&#8221; body_font_size=&#8221;17px&#8221; body_line_height=&#8221;1.9em&#8221; image_icon_custom_margin=&#8221;10px||||false|false&#8221; custom_margin=&#8221;||9px||false|false&#8221; locked=&#8221;off&#8221; global_colors_info=&#8221;{}&#8221;]<\/p>\n<p>Proficiency in <strong>English and\/or Spanish<\/strong> is necessary. Additional languages like Arabic, Portuguese, Farsi, Bengali, or French are a plus.<\/p>\n<p>[\/et_pb_blurb][et_pb_blurb use_icon=&#8221;on&#8221; font_icon=&#8221;&#x5a;||divi||400&#8243; icon_color=&#8221;#1649FF&#8221; icon_placement=&#8221;left&#8221; image_icon_width=&#8221;28px&#8221; _builder_version=&#8221;4.27.4&#8243; _module_preset=&#8221;default&#8221; body_font_size=&#8221;17px&#8221; body_line_height=&#8221;1.9em&#8221; image_icon_custom_margin=&#8221;10px||||false|false&#8221; custom_margin=&#8221;||9px||false|false&#8221; locked=&#8221;off&#8221; global_colors_info=&#8221;{}&#8221;]<\/p>\n<p>At least <strong>6 months of experience<\/strong> in individual therapy \/ counselling is required. If you only have internship experience, you can join our <strong>Therapist Growth Track<\/strong> before taking on cases (you still apply below in the same way).<\/p>\n<p>[\/et_pb_blurb][et_pb_blurb use_icon=&#8221;on&#8221; font_icon=&#8221;&#x5a;||divi||400&#8243; icon_color=&#8221;#1649FF&#8221; icon_placement=&#8221;left&#8221; image_icon_width=&#8221;28px&#8221; _builder_version=&#8221;4.27.4&#8243; _module_preset=&#8221;default&#8221; body_font_size=&#8221;17px&#8221; body_line_height=&#8221;1.9em&#8221; image_icon_custom_margin=&#8221;10px||||false|false&#8221; custom_margin=&#8221;||9px||false|false&#8221; locked=&#8221;off&#8221; global_colors_info=&#8221;{}&#8221;]<\/p>\n<p>Commitment to at least <strong>15 sessions (+\/- 15 weeks)<\/strong> of 50-120 minutes each, plus a monthly 30 to 60-minute supervision session with other volunteers.<\/p>\n<p>[\/et_pb_blurb][et_pb_blurb use_icon=&#8221;on&#8221; font_icon=&#8221;&#x5a;||divi||400&#8243; icon_color=&#8221;#1649FF&#8221; icon_placement=&#8221;left&#8221; image_icon_width=&#8221;28px&#8221; _builder_version=&#8221;4.27.4&#8243; _module_preset=&#8221;default&#8221; body_font_size=&#8221;17px&#8221; body_line_height=&#8221;1.9em&#8221; image_icon_custom_margin=&#8221;10px||||false|false&#8221; custom_margin=&#8221;||22px||false|false&#8221; locked=&#8221;off&#8221; global_colors_info=&#8221;{}&#8221;]<\/p>\n<p>Ideally, volunteers are based in <strong>Barcelona<\/strong>, but online support from other locations may be possible on a case-by-case basis.<\/p>\n<p>[\/et_pb_blurb][\/et_pb_column][et_pb_column type=&#8221;1_2&#8243; _builder_version=&#8221;4.27.0&#8243; _module_preset=&#8221;default&#8221; global_colors_info=&#8221;{}&#8221;][et_pb_image src=&#8221;https:\/\/iguality.org\/wp-content\/uploads\/2025\/01\/iguality-website-photos-mental-health-for-big-background-15.jpg&#8221; title_text=&#8221;iguality website photos mental health (for big background) (15)&#8221; align=&#8221;center&#8221; _builder_version=&#8221;4.27.4&#8243; _module_preset=&#8221;default&#8221; border_radii=&#8221;on|10px|10px|10px|10px&#8221; global_colors_info=&#8221;{}&#8221;][\/et_pb_image][\/et_pb_column][\/et_pb_row][\/et_pb_section][et_pb_section fb_built=&#8221;1&#8243; admin_label=&#8221;Section&#8221; _builder_version=&#8221;4.27.4&#8243; _module_preset=&#8221;default&#8221; background_enable_color=&#8221;off&#8221; top_divider_height=&#8221;20px&#8221; locked=&#8221;off&#8221; global_colors_info=&#8221;{}&#8221;][et_pb_row column_structure=&#8221;1_2,1_2&#8243; make_equal=&#8221;on&#8221; _builder_version=&#8221;4.27.4&#8243; _module_preset=&#8221;default&#8221; custom_css_main_element=&#8221;align-items: center;&#8221; global_colors_info=&#8221;{}&#8221;][et_pb_column type=&#8221;1_2&#8243; _builder_version=&#8221;4.27.0&#8243; _module_preset=&#8221;default&#8221; global_colors_info=&#8221;{}&#8221;][et_pb_image src=&#8221;https:\/\/iguality.org\/wp-content\/uploads\/2025\/01\/56.jpg&#8221; title_text=&#8221;56&#8243; _builder_version=&#8221;4.27.4&#8243; _module_preset=&#8221;default&#8221; border_radii=&#8221;on|10px|10px|10px|10px&#8221; global_colors_info=&#8221;{}&#8221;][\/et_pb_image][\/et_pb_column][et_pb_column type=&#8221;1_2&#8243; _builder_version=&#8221;4.27.0&#8243; _module_preset=&#8221;default&#8221; global_colors_info=&#8221;{}&#8221;][et_pb_text _builder_version=&#8221;4.27.4&#8243; _module_preset=&#8221;default&#8221; header_text_align=&#8221;left&#8221; header_2_text_align=&#8221;left&#8221; width_tablet=&#8221;auto&#8221; width_phone=&#8221;auto&#8221; width_last_edited=&#8221;on|phone&#8221; module_alignment=&#8221;left&#8221; custom_margin=&#8221;||14px||false|false&#8221; custom_padding=&#8221;||11px|||&#8221; locked=&#8221;off&#8221; global_colors_info=&#8221;{}&#8221;]<\/p>\n<h6>The advantages<\/h6>\n<h2>Why join Iguality?<\/h2>\n<p>[\/et_pb_text][et_pb_blurb title=&#8221;Support those most in need of quality mental health care&#8221; use_icon=&#8221;on&#8221; font_icon=&#8221;&#xe052;||divi||400&#8243; icon_color=&#8221;#1649FF&#8221; icon_placement=&#8221;left&#8221; image_icon_width=&#8221;27px&#8221; _builder_version=&#8221;4.27.4&#8243; header_text_align=&#8221;left&#8221; body_text_align=&#8221;left&#8221; body_text_color=&#8221;#242424&#8243; custom_margin=&#8221;||15px||false|false&#8221; locked=&#8221;off&#8221; global_colors_info=&#8221;{}&#8221;][\/et_pb_blurb][et_pb_blurb title=&#8221;Gain professional experience in psychology and therapy&#8221; use_icon=&#8221;on&#8221; font_icon=&#8221;&#xe052;||divi||400&#8243; icon_color=&#8221;#1649FF&#8221; icon_placement=&#8221;left&#8221; image_icon_width=&#8221;27px&#8221; _builder_version=&#8221;4.27.4&#8243; header_text_align=&#8221;left&#8221; body_text_align=&#8221;left&#8221; body_text_color=&#8221;#242424&#8243; custom_margin=&#8221;||15px||false|false&#8221; locked=&#8221;off&#8221; global_colors_info=&#8221;{}&#8221;][\/et_pb_blurb][et_pb_blurb title=&#8221;Get to know a great network of international psychologists&#8221; use_icon=&#8221;on&#8221; font_icon=&#8221;&#xe052;||divi||400&#8243; icon_color=&#8221;#1649FF&#8221; icon_placement=&#8221;left&#8221; image_icon_width=&#8221;27px&#8221; _builder_version=&#8221;4.27.4&#8243; header_text_align=&#8221;left&#8221; body_text_align=&#8221;left&#8221; body_text_color=&#8221;#242424&#8243; custom_margin=&#8221;||15px||false|false&#8221; locked=&#8221;off&#8221; global_colors_info=&#8221;{}&#8221;][\/et_pb_blurb][et_pb_blurb title=&#8221;Receive monthly supervision and coaching from our team&#8221; use_icon=&#8221;on&#8221; font_icon=&#8221;&#xe052;||divi||400&#8243; icon_color=&#8221;#1649FF&#8221; icon_placement=&#8221;left&#8221; image_icon_width=&#8221;27px&#8221; _builder_version=&#8221;4.27.4&#8243; header_text_align=&#8221;left&#8221; body_text_align=&#8221;left&#8221; body_text_color=&#8221;#242424&#8243; custom_margin=&#8221;||15px||false|false&#8221; locked=&#8221;off&#8221; global_colors_info=&#8221;{}&#8221;][\/et_pb_blurb][\/et_pb_column][\/et_pb_row][\/et_pb_section][et_pb_section fb_built=&#8221;1&#8243; prev_background_color=&#8221;#ffffff&#8221; _builder_version=&#8221;4.27.4&#8243; _module_preset=&#8221;default&#8221; background_color=&#8221;RGBA(22,73,255,0.04)&#8221; custom_padding=&#8221;75px||40px||false|false&#8221; top_divider_style=&#8221;wave2&#8243; top_divider_height=&#8221;75px&#8221; bottom_divider_height=&#8221;75px&#8221; locked=&#8221;off&#8221; global_colors_info=&#8221;{}&#8221;][et_pb_row column_structure=&#8221;1_2,1_2&#8243; make_equal=&#8221;on&#8221; _builder_version=&#8221;4.27.0&#8243; _module_preset=&#8221;default&#8221; custom_css_main_element=&#8221;align-items: center;&#8221; global_colors_info=&#8221;{}&#8221;][et_pb_column type=&#8221;1_2&#8243; _builder_version=&#8221;4.27.0&#8243; _module_preset=&#8221;default&#8221; global_colors_info=&#8221;{}&#8221;][et_pb_text _builder_version=&#8221;4.27.4&#8243; _module_preset=&#8221;default&#8221; custom_margin=&#8221;||14px|||&#8221; global_colors_info=&#8221;{}&#8221;]<\/p>\n<h6>Get started<\/h6>\n<h2>How to join us<\/h2>\n<p>Are you interested to join our volunteer therapists team and have you read all the requirements? Then you can start the application process to volunteer with us &#8211; we&#8217;d be happy to get to know you!<\/p>\n<p>[\/et_pb_text][et_pb_text _builder_version=&#8221;4.27.5&#8243; _module_preset=&#8221;default&#8221; custom_padding=&#8221;||23px|||&#8221; hover_enabled=&#8221;0&#8243; global_colors_info=&#8221;{}&#8221; disabled_on=&#8221;on|on|on&#8221; disabled=&#8221;on&#8221; sticky_enabled=&#8221;0&#8243;]<\/p>\n<p><em>At the moment, applications are only open to therapists that have at least 6 years of experience and are willing to take on more complex cases, <strong>OR<\/strong> to therapists that speak French, Arabic, Ukranian or Russian.\u00a0<\/em><\/p>\n<p>[\/et_pb_text][et_pb_blurb title=&#8221;Step 1&#8243; use_icon=&#8221;on&#8221; font_icon=&#8221;&#x5e;||divi||400&#8243; icon_color=&#8221;#1649FF&#8221; icon_placement=&#8221;left&#8221; image_icon_width=&#8221;32px&#8221; _builder_version=&#8221;4.27.0&#8243; header_text_align=&#8221;left&#8221; body_text_align=&#8221;left&#8221; body_text_color=&#8221;#242424&#8243; custom_margin=&#8221;||20px||false|false&#8221; locked=&#8221;off&#8221; global_colors_info=&#8221;{}&#8221;]<\/p>\n<p>Apply through our online form with the button below<\/p>\n<p>[\/et_pb_blurb][et_pb_blurb title=&#8221;Step 2&#8243; use_icon=&#8221;on&#8221; font_icon=&#8221;&#x5e;||divi||400&#8243; icon_color=&#8221;#1649FF&#8221; icon_placement=&#8221;left&#8221; image_icon_width=&#8221;32px&#8221; _builder_version=&#8221;4.27.0&#8243; header_text_align=&#8221;left&#8221; body_text_align=&#8221;left&#8221; body_text_color=&#8221;#242424&#8243; custom_margin=&#8221;||20px||false|false&#8221; locked=&#8221;off&#8221; global_colors_info=&#8221;{}&#8221;]<\/p>\n<p>Have a 30-minute interview with our coordinator<\/p>\n<p>[\/et_pb_blurb][et_pb_blurb title=&#8221;Step 3&#8243; use_icon=&#8221;on&#8221; font_icon=&#8221;&#x5e;||divi||400&#8243; icon_color=&#8221;#1649FF&#8221; icon_placement=&#8221;left&#8221; image_icon_width=&#8221;32px&#8221; _builder_version=&#8221;4.27.0&#8243; header_text_align=&#8221;left&#8221; body_text_align=&#8221;left&#8221; body_text_color=&#8221;#242424&#8243; custom_margin=&#8221;||20px||false|false&#8221; locked=&#8221;off&#8221; global_colors_info=&#8221;{}&#8221;]<\/p>\n<p>Provide your degree(s) and follow an online training<\/p>\n<p>[\/et_pb_blurb][et_pb_blurb title=&#8221;Step 4&#8243; use_icon=&#8221;on&#8221; font_icon=&#8221;&#x5e;||divi||400&#8243; icon_color=&#8221;#1649FF&#8221; icon_placement=&#8221;left&#8221; image_icon_width=&#8221;32px&#8221; _builder_version=&#8221;4.27.0&#8243; header_text_align=&#8221;left&#8221; body_text_align=&#8221;left&#8221; body_text_color=&#8221;#242424&#8243; custom_margin=&#8221;||24px||false|false&#8221; locked=&#8221;off&#8221; global_colors_info=&#8221;{}&#8221;]<\/p>\n<p>Ready to start with your first screening and \/ or case!<\/p>\n<p>[\/et_pb_blurb][et_pb_button button_url=&#8221;https:\/\/iguality.fillout.com\/t\/hwgUAmjrX8us&#8221; url_new_window=&#8221;on&#8221; button_text=&#8221;Apply now&#8221; _builder_version=&#8221;4.27.4&#8243; _module_preset=&#8221;default&#8221; locked=&#8221;off&#8221; global_colors_info=&#8221;{}&#8221; button_bg_color__hover_enabled=&#8221;on|hover&#8221; button_bg_color_gradient_stops__hover=&#8221;#0023a2 0%|#1649ff 100%&#8221; button_bg_use_color_gradient__hover=&#8221;on&#8221; button_bg_color__hover=&#8221;#ffffff&#8221;][\/et_pb_button][et_pb_button button_url=&#8221;https:\/\/docs.google.com\/document\/d\/1GtHwbpVlcWjSIcyGq6dIbOhTdsN234Gc4_-Tbosnoqw\/edit?usp=sharing&#8221; url_new_window=&#8221;on&#8221; button_text=&#8221;Full role description&#8221; _builder_version=&#8221;4.27.0&#8243; _module_preset=&#8221;default&#8221; custom_button=&#8221;on&#8221; button_text_color=&#8221;#1649FF&#8221; button_bg_color=&#8221;RGBA(255,255,255,0)&#8221; button_border_color=&#8221;RGBA(255,255,255,0)&#8221; button_font=&#8221;||||||||&#8221; button_icon=&#8221;&#x24;||divi||400&#8243; button_icon_color=&#8221;#1649FF&#8221; button_on_hover=&#8221;off&#8221; custom_margin=&#8221;0px|0px|4px|0px|false|false&#8221; custom_padding=&#8221;0px|0px||7px|false|false&#8221; box_shadow_style=&#8221;none&#8221; locked=&#8221;off&#8221; global_colors_info=&#8221;{}&#8221; button_text_color__hover=&#8221;#0023A2&#8243; button_text_color__hover_enabled=&#8221;on|hover&#8221; button_bg_color__hover=&#8221;RGBA(255,255,255,0)&#8221; button_bg_color__hover_enabled=&#8221;on|hover&#8221; button_border_color__hover=&#8221;RGBA(255,255,255,0)&#8221; button_border_color__hover_enabled=&#8221;on|hover&#8221;][\/et_pb_button][\/et_pb_column][et_pb_column type=&#8221;1_2&#8243; _builder_version=&#8221;4.27.0&#8243; _module_preset=&#8221;default&#8221; global_colors_info=&#8221;{}&#8221;][et_pb_image src=&#8221;https:\/\/iguality.org\/wp-content\/uploads\/2024\/08\/iguality-website-photos-mental-health-29.jpg&#8221; title_text=&#8221;iguality website photos mental health (29)&#8221; _builder_version=&#8221;4.27.0&#8243; _module_preset=&#8221;default&#8221; custom_margin=&#8221;||23px|||&#8221; border_radii=&#8221;on|10px|10px|10px|10px&#8221; global_colors_info=&#8221;{}&#8221;][\/et_pb_image][\/et_pb_column][\/et_pb_row][\/et_pb_section]<\/p>\n","protected":false},"excerpt":{"rendered":"<p>Ets un psic\u00f2leg que busca tenir un impacte significatiu? Uneix-te al nostre equip de terapeutes voluntaris i proporciona suport psicosocial i de salut mental a migrants, refugiats, persones LGBTQI+ i altres persones en risc d&#039;exclusi\u00f3 social. La teva experi\u00e8ncia pot canviar vides i pots obtenir m\u00e9s informaci\u00f3 en aquesta p\u00e0gina.<\/p>","protected":false},"author":3,"featured_media":270955,"parent":270311,"menu_order":0,"comment_status":"closed","ping_status":"closed","template":"","meta":{"_acf_changed":false,"_et_pb_use_builder":"on","_et_pb_old_content":"","_et_gb_content_width":"","footnotes":""},"class_list":["post-268414","page","type-page","status-publish","has-post-thumbnail","hentry"],"acf":[],"aioseo_notices":[],"_links":{"self":[{"href":"https:\/\/iguality.org\/ca\/wp-json\/wp\/v2\/pages\/268414","targetHints":{"allow":["GET"]}}],"collection":[{"href":"https:\/\/iguality.org\/ca\/wp-json\/wp\/v2\/pages"}],"about":[{"href":"https:\/\/iguality.org\/ca\/wp-json\/wp\/v2\/types\/page"}],"author":[{"embeddable":true,"href":"https:\/\/iguality.org\/ca\/wp-json\/wp\/v2\/users\/3"}],"replies":[{"embeddable":true,"href":"https:\/\/iguality.org\/ca\/wp-json\/wp\/v2\/comments?post=268414"}],"version-history":[{"count":66,"href":"https:\/\/iguality.org\/ca\/wp-json\/wp\/v2\/pages\/268414\/revisions"}],"predecessor-version":[{"id":277702,"href":"https:\/\/iguality.org\/ca\/wp-json\/wp\/v2\/pages\/268414\/revisions\/277702"}],"up":[{"embeddable":true,"href":"https:\/\/iguality.org\/ca\/wp-json\/wp\/v2\/pages\/270311"}],"wp:featuredmedia":[{"embeddable":true,"href":"https:\/\/iguality.org\/ca\/wp-json\/wp\/v2\/media\/270955"}],"wp:attachment":[{"href":"https:\/\/iguality.org\/ca\/wp-json\/wp\/v2\/media?parent=268414"}],"curies":[{"name":"wp","href":"https:\/\/api.w.org\/{rel}","templated":true}]}}